{"id":960,"date":"2015-05-24T07:32:17","date_gmt":"2015-05-24T07:32:17","guid":{"rendered":"http:\/\/ficinofilms.com\/3000\/music-2\/"},"modified":"2016-09-06T20:54:52","modified_gmt":"2016-09-06T10:54:52","slug":"music","status":"publish","type":"page","link":"https:\/\/ficinofilms.com\/3000\/music\/?lang=de","title":{"rendered":"musik"},"content":{"rendered":"<p>[et_pb_section admin_label=&#8221;section&#8221; fullwidth=&#8221;off&#8221; specialty=&#8221;off&#8221; transparent_background=&#8221;off&#8221; background_color=&#8221;#ffffff&#8221; allow_player_pause=&#8221;off&#8221; inner_shadow=&#8221;off&#8221; parallax=&#8221;off&#8221; parallax_method=&#8221;off&#8221; module_class=&#8221;full_width&#8221;][et_pb_row admin_label=&#8221;row&#8221;][et_pb_column type=&#8221;4_4&#8243;][et_pb_text admin_label=&#8221;Text&#8221; background_layout=&#8221;light&#8221; text_orientation=&#8221;left&#8221; module_class=&#8221;custom&#8221;]<\/p>\n<div id=\"new-royalslider-7\" class=\"royalSlider new-royalslider-7 rsUni rs-default-template\" style=\"width:100%;height:580px;;\">\n<div class=\"rsContent\">\n  <img decoding=\"async\" class=\"rsImg\" src=\"http:\/\/ficinofilms.com\/3000\/my_content\/uploads\/2015\/05\/3000-44-1024x576.jpg\" alt=\"3000 by Antonis Tsonis Ficino Films - music\"\/>\n  \n  \n  \n<\/div>\n\n<\/div>\n\n<p>[\/et_pb_text][\/et_pb_column][\/et_pb_row][\/et_pb_section][et_pb_section admin_label=&#8221;section&#8221; fullwidth=&#8221;on&#8221; specialty=&#8221;off&#8221; transparent_background=&#8221;off&#8221; background_color=&#8221;#ffffff&#8221; allow_player_pause=&#8221;off&#8221; inner_shadow=&#8221;off&#8221; parallax=&#8221;off&#8221; parallax_method=&#8221;off&#8221; module_class=&#8221;special&#8221;][et_pb_fullwidth_menu admin_label=&#8221;Fullwidth Menu&#8221; menu_id=&#8221;3&#8243; background_color=&#8221;#ffffff&#8221; background_layout=&#8221;light&#8221; text_orientation=&#8221;center&#8221; submenu_direction=&#8221;downwards&#8221; module_class=&#8221;menus&#8221;]<\/p>\n<p>[\/et_pb_fullwidth_menu][\/et_pb_section][et_pb_section admin_label=&#8221;section&#8221; fullwidth=&#8221;off&#8221; specialty=&#8221;off&#8221;][et_pb_row admin_label=&#8221;row&#8221;][et_pb_column type=&#8221;4_4&#8243;][et_pb_divider admin_label=&#8221;Divider&#8221; color=&#8221;#777777&#8243; show_divider=&#8221;on&#8221; height=&#8221;4px&#8221;]<\/p>\n<p>[\/et_pb_divider][\/et_pb_column][\/et_pb_row][et_pb_row admin_label=&#8221;row&#8221;][et_pb_column type=&#8221;4_4&#8243;][et_pb_text admin_label=&#8221;Text&#8221; background_layout=&#8221;light&#8221; text_orientation=&#8221;left&#8221; use_border_color=&#8221;off&#8221; border_color=&#8221;#ffffff&#8221; border_style=&#8221;solid&#8221;]<\/p>\n<p><img loading=\"lazy\" decoding=\"async\" class=\"img-padding alignleft wp-image-545 size-full\" src=\"http:\/\/ficinofilms.com\/3000\/my_content\/uploads\/2015\/05\/Manuel-De-Sica.jpg\" alt=\"Manuel-De-Sica\" width=\"214\" height=\"317\"><\/p>\n<h2>Titelmusik von Manuel De Sica (1949-2014)<\/h2>\n<p>Manuel De Sica wurde am 24. Februar 1949 in Rom geboren. Er besuchte Musiktheorie-Kurse an der S.Cecilia Academy of Music und studierte bei Bruno Maderna.<\/p>\n<p>Seine Musik wurde von K\u00fcnstlern wie Salvatore Accardo, Enrico Dindo und dem Wiener Ensemble \u2013 Berlin aufgef\u00fchrt und seine Lieder wurden von Ella Fitzgerald, Tony Bennett und Dee Dee Bridgewater gesungen.<\/p>\n<p>Er schrieb sinfonische Werke und Kammermusiken, einer breiteren \u00d6ffentlichkeit ist er jedoch durch die Kompositionen von mehr als 100 Soundtracks bekannt, die er ab 1969 f\u00fcr Kino und Fernsehen komponierte.<\/p>\n<p>Er war als Professor f\u00fcr angewandte Musik bei mehreren Instituten der FormArte Cultural Association t\u00e4tig, Manuel De Sica war Direktor der Association of Friends of Vittorio De Sica, die sich f\u00fcr den Erhalt der Werke seines Vater einsetzt.<\/p>\n<p>1971 wurde er f\u00fcr die Filmmusik zu The Garden of the Finzi Contini f\u00fcr einen Oscar nominiert, einen Film, bei dem sein Vater Vittorio De Sica Regie f\u00fchrte. <span style=\"text-align: right;\"><\/p>\n<p>[\/et_pb_text][\/et_pb_column][\/et_pb_row][\/et_pb_section][et_pb_section admin_label=&#8221;section&#8221;][et_pb_row admin_label=&#8221;row&#8221;][et_pb_column type=&#8221;4_4&#8243;][et_pb_divider admin_label=&#8221;Divider 40px&#8221; color=&#8221;#ffffff&#8221; show_divider=&#8221;off&#8221; height=&#8221;40px&#8221;]<\/p>\n<p>[\/et_pb_divider][\/et_pb_column][\/et_pb_row][\/et_pb_section]<\/p>\n","protected":false},"excerpt":{"rendered":"<p><div id=\"new-royalslider-7\" class=\"royalSlider new-royalslider-7 rsUni rs-default-template\" style=\"width:100%;height:580px;;\">\n<div class=\"rsContent\">\n  <img decoding=\"async\" class=\"rsImg\" src=\"http:\/\/ficinofilms.com\/3000\/my_content\/uploads\/2015\/05\/3000-44-1024x576.jpg\" alt=\"3000 by Antonis Tsonis Ficino Films - music\"\/>\n  \n  \n  \n<\/div>\n\n<\/div>\n Titelmusik von Manuel De Sica (1949-2014) Manuel De Sica wurde am 24. Februar 1949 in Rom geboren. Er besuchte Musiktheorie-Kurse an der S.Cecilia Academy of Music und studierte bei Bruno Maderna. Seine Musik wurde von K\u00fcnstlern wie Salvatore Accardo, Enrico Dindo und dem Wiener Ensemble \u2013 Berlin aufgef\u00fchrt und seine Lieder wurden von [&hellip;]<\/p>\n","protected":false},"author":1,"featured_media":0,"parent":0,"menu_order":0,"comment_status":"open","ping_status":"open","template":"","meta":{"_et_pb_use_builder":"on","_et_pb_old_content":"","_et_gb_content_width":"","footnotes":""},"class_list":["post-960","page","type-page","status-publish","hentry"],"yoast_head":"<!-- This site is optimized with the Yoast SEO plugin v25.5 - https:\/\/yoast.com\/wordpress\/plugins\/seo\/ -->\n<title>musik - 3000 Antonis Tsonis<\/title>\n<meta name=\"description\" content=\"Film: 3000, Director: Antonis Tsonis, Produced: Ficino Films\" \/>\n<meta name=\"robots\" content=\"index, follow, max-snippet:-1, max-image-preview:large, max-video-preview:-1\" \/>\n<link rel=\"canonical\" href=\"http:\/\/ficinofilms.com\/3000\/music\/?lang=de\" \/>\n<meta property=\"og:locale\" content=\"de_DE\" \/>\n<meta property=\"og:type\" content=\"article\" \/>\n<meta property=\"og:title\" content=\"musik - 3000 Antonis Tsonis\" \/>\n<meta property=\"og:description\" content=\"Film: 3000, Director: Antonis Tsonis, Produced: Ficino Films\" \/>\n<meta property=\"og:url\" content=\"http:\/\/ficinofilms.com\/3000\/music\/?lang=de\" \/>\n<meta property=\"og:site_name\" content=\"3000 Antonis Tsonis\" \/>\n<meta property=\"article:modified_time\" content=\"2016-09-06T10:54:52+00:00\" \/>\n<meta property=\"og:image\" content=\"http:\/\/ficinofilms.com\/3000\/my_content\/uploads\/2015\/05\/Manuel-De-Sica.jpg\" \/>\n<meta name=\"twitter:card\" content=\"summary_large_image\" \/>\n<meta name=\"twitter:label1\" content=\"Gesch\u00e4tzte Lesezeit\" \/>\n\t<meta name=\"twitter:data1\" content=\"2\u00a0Minuten\" \/>\n<script type=\"application\/ld+json\" class=\"yoast-schema-graph\">{\"@context\":\"https:\/\/schema.org\",\"@graph\":[{\"@type\":\"WebPage\",\"@id\":\"http:\/\/ficinofilms.com\/3000\/music\/?lang=de\",\"url\":\"http:\/\/ficinofilms.com\/3000\/music\/?lang=de\",\"name\":\"musik - 3000 Antonis Tsonis\",\"isPartOf\":{\"@id\":\"http:\/\/ficinofilms.com\/3000\/?lang=fr\/#website\"},\"primaryImageOfPage\":{\"@id\":\"http:\/\/ficinofilms.com\/3000\/music\/?lang=de#primaryimage\"},\"image\":{\"@id\":\"http:\/\/ficinofilms.com\/3000\/music\/?lang=de#primaryimage\"},\"thumbnailUrl\":\"http:\/\/ficinofilms.com\/3000\/my_content\/uploads\/2015\/05\/Manuel-De-Sica.jpg\",\"datePublished\":\"2015-05-24T07:32:17+00:00\",\"dateModified\":\"2016-09-06T10:54:52+00:00\",\"description\":\"Film: 3000, Director: Antonis Tsonis, Produced: Ficino Films\",\"breadcrumb\":{\"@id\":\"http:\/\/ficinofilms.com\/3000\/music\/?lang=de#breadcrumb\"},\"inLanguage\":\"de\",\"potentialAction\":[{\"@type\":\"ReadAction\",\"target\":[\"http:\/\/ficinofilms.com\/3000\/music\/?lang=de\"]}]},{\"@type\":\"ImageObject\",\"inLanguage\":\"de\",\"@id\":\"http:\/\/ficinofilms.com\/3000\/music\/?lang=de#primaryimage\",\"url\":\"\",\"contentUrl\":\"\"},{\"@type\":\"BreadcrumbList\",\"@id\":\"http:\/\/ficinofilms.com\/3000\/music\/?lang=de#breadcrumb\",\"itemListElement\":[{\"@type\":\"ListItem\",\"position\":1,\"name\":\"Home\",\"item\":\"http:\/\/ficinofilms.com\/3000\/?lang=de\"},{\"@type\":\"ListItem\",\"position\":2,\"name\":\"musik\"}]},{\"@type\":\"WebSite\",\"@id\":\"http:\/\/ficinofilms.com\/3000\/?lang=fr\/#website\",\"url\":\"http:\/\/ficinofilms.com\/3000\/?lang=fr\/\",\"name\":\"3000 Antonis Tsonis\",\"description\":\"3000 Antonis Tsonis Ficino Films\",\"potentialAction\":[{\"@type\":\"SearchAction\",\"target\":{\"@type\":\"EntryPoint\",\"urlTemplate\":\"http:\/\/ficinofilms.com\/3000\/?lang=fr\/?s={search_term_string}\"},\"query-input\":{\"@type\":\"PropertyValueSpecification\",\"valueRequired\":true,\"valueName\":\"search_term_string\"}}],\"inLanguage\":\"de\"}]}<\/script>\n<!-- \/ Yoast SEO plugin. -->","yoast_head_json":{"title":"musik - 3000 Antonis Tsonis","description":"Film: 3000, Director: Antonis Tsonis, Produced: Ficino Films","robots":{"index":"index","follow":"follow","max-snippet":"max-snippet:-1","max-image-preview":"max-image-preview:large","max-video-preview":"max-video-preview:-1"},"canonical":"http:\/\/ficinofilms.com\/3000\/music\/?lang=de","og_locale":"de_DE","og_type":"article","og_title":"musik - 3000 Antonis Tsonis","og_description":"Film: 3000, Director: Antonis Tsonis, Produced: Ficino Films","og_url":"http:\/\/ficinofilms.com\/3000\/music\/?lang=de","og_site_name":"3000 Antonis Tsonis","article_modified_time":"2016-09-06T10:54:52+00:00","og_image":[{"url":"http:\/\/ficinofilms.com\/3000\/my_content\/uploads\/2015\/05\/Manuel-De-Sica.jpg","type":"","width":"","height":""}],"twitter_card":"summary_large_image","twitter_misc":{"Gesch\u00e4tzte Lesezeit":"2\u00a0Minuten"},"schema":{"@context":"https:\/\/schema.org","@graph":[{"@type":"WebPage","@id":"http:\/\/ficinofilms.com\/3000\/music\/?lang=de","url":"http:\/\/ficinofilms.com\/3000\/music\/?lang=de","name":"musik - 3000 Antonis Tsonis","isPartOf":{"@id":"http:\/\/ficinofilms.com\/3000\/?lang=fr\/#website"},"primaryImageOfPage":{"@id":"http:\/\/ficinofilms.com\/3000\/music\/?lang=de#primaryimage"},"image":{"@id":"http:\/\/ficinofilms.com\/3000\/music\/?lang=de#primaryimage"},"thumbnailUrl":"http:\/\/ficinofilms.com\/3000\/my_content\/uploads\/2015\/05\/Manuel-De-Sica.jpg","datePublished":"2015-05-24T07:32:17+00:00","dateModified":"2016-09-06T10:54:52+00:00","description":"Film: 3000, Director: Antonis Tsonis, Produced: Ficino Films","breadcrumb":{"@id":"http:\/\/ficinofilms.com\/3000\/music\/?lang=de#breadcrumb"},"inLanguage":"de","potentialAction":[{"@type":"ReadAction","target":["http:\/\/ficinofilms.com\/3000\/music\/?lang=de"]}]},{"@type":"ImageObject","inLanguage":"de","@id":"http:\/\/ficinofilms.com\/3000\/music\/?lang=de#primaryimage","url":"","contentUrl":""},{"@type":"BreadcrumbList","@id":"http:\/\/ficinofilms.com\/3000\/music\/?lang=de#breadcrumb","itemListElement":[{"@type":"ListItem","position":1,"name":"Home","item":"http:\/\/ficinofilms.com\/3000\/?lang=de"},{"@type":"ListItem","position":2,"name":"musik"}]},{"@type":"WebSite","@id":"http:\/\/ficinofilms.com\/3000\/?lang=fr\/#website","url":"http:\/\/ficinofilms.com\/3000\/?lang=fr\/","name":"3000 Antonis Tsonis","description":"3000 Antonis Tsonis Ficino Films","potentialAction":[{"@type":"SearchAction","target":{"@type":"EntryPoint","urlTemplate":"http:\/\/ficinofilms.com\/3000\/?lang=fr\/?s={search_term_string}"},"query-input":{"@type":"PropertyValueSpecification","valueRequired":true,"valueName":"search_term_string"}}],"inLanguage":"de"}]}},"_links":{"self":[{"href":"https:\/\/ficinofilms.com\/3000\/wp-json\/wp\/v2\/pages\/960\/?lang=de"}],"collection":[{"href":"https:\/\/ficinofilms.com\/3000\/wp-json\/wp\/v2\/pages\/?lang=de"}],"about":[{"href":"https:\/\/ficinofilms.com\/3000\/wp-json\/wp\/v2\/types\/page\/?lang=de"}],"author":[{"embeddable":true,"href":"https:\/\/ficinofilms.com\/3000\/wp-json\/wp\/v2\/users\/1\/?lang=de"}],"replies":[{"embeddable":true,"href":"https:\/\/ficinofilms.com\/3000\/wp-json\/wp\/v2\/comments\/?lang=de&post=960"}],"version-history":[{"count":3,"href":"https:\/\/ficinofilms.com\/3000\/wp-json\/wp\/v2\/pages\/960\/revisions\/?lang=de"}],"predecessor-version":[{"id":2015,"href":"https:\/\/ficinofilms.com\/3000\/wp-json\/wp\/v2\/pages\/960\/revisions\/2015\/?lang=de"}],"wp:attachment":[{"href":"https:\/\/ficinofilms.com\/3000\/wp-json\/wp\/v2\/media\/?lang=de&parent=960"}],"curies":[{"name":"wp","href":"https:\/\/api.w.org\/{rel}","templated":true}]}}