{"id":945,"date":"2015-05-24T07:31:20","date_gmt":"2015-05-24T07:31:20","guid":{"rendered":"http:\/\/ficinofilms.com\/3000\/about-us-2\/"},"modified":"2015-06-19T13:44:46","modified_gmt":"2015-06-19T13:44:46","slug":"about-us","status":"publish","type":"page","link":"https:\/\/ficinofilms.com\/3000\/about-us\/?lang=de","title":{"rendered":"\u00fcber uns"},"content":{"rendered":"<p>[et_pb_section fullwidth=&#8221;off&#8221; specialty=&#8221;off&#8221; transparent_background=&#8221;off&#8221; background_color=&#8221;#ffffff&#8221; allow_player_pause=&#8221;off&#8221; inner_shadow=&#8221;off&#8221; parallax=&#8221;off&#8221; parallax_method=&#8221;off&#8221; module_class=&#8221;full_width&#8221;][et_pb_row][et_pb_column type=&#8221;4_4&#8243;][et_pb_text admin_label=&#8221;Text&#8221; background_layout=&#8221;light&#8221; text_orientation=&#8221;left&#8221; module_class=&#8221;custom&#8221;]<div id=\"new-royalslider-4\" class=\"royalSlider new-royalslider-4 rsUni rs-default-template\" style=\"width:100%;height:580px;;\">\n<div class=\"rsContent\">\n  <img decoding=\"async\" class=\"rsImg\" src=\"http:\/\/ficinofilms.com\/3000\/my_content\/uploads\/2015\/05\/3000-271-1024x576.jpg\" alt=\"3000 by Antonis Tsonis Ficino Films - about us\"\/>\n  \n  \n  \n<\/div>\n\n<\/div>\n[\/et_pb_text][\/et_pb_column][\/et_pb_row][\/et_pb_section][et_pb_section fullwidth=&#8221;on&#8221; specialty=&#8221;off&#8221; transparent_background=&#8221;off&#8221; background_color=&#8221;#ffffff&#8221; allow_player_pause=&#8221;off&#8221; inner_shadow=&#8221;off&#8221; parallax=&#8221;off&#8221; parallax_method=&#8221;off&#8221; module_class=&#8221;special&#8221;][et_pb_fullwidth_menu admin_label=&#8221;Fullwidth Menu&#8221; menu_id=&#8221;3&#8243; background_color=&#8221;#ffffff&#8221; background_layout=&#8221;light&#8221; text_orientation=&#8221;center&#8221; submenu_direction=&#8221;downwards&#8221; module_class=&#8221;menus&#8221; \/][\/et_pb_section][et_pb_section fullwidth=&#8221;off&#8221; specialty=&#8221;off&#8221;][et_pb_row][et_pb_column type=&#8221;4_4&#8243;][et_pb_divider admin_label=&#8221;Divider&#8221; color=&#8221;#777777&#8243; show_divider=&#8221;on&#8221; height=&#8221;4px&#8221; \/][\/et_pb_column][\/et_pb_row][\/et_pb_section][et_pb_section fullwidth=&#8221;off&#8221; specialty=&#8221;off&#8221;][et_pb_row][et_pb_column type=&#8221;1_4&#8243;][et_pb_text admin_label=&#8221;SYNOPSIS&#8221; background_layout=&#8221;light&#8221; text_orientation=&#8221;left&#8221;]<\/p>\n<h1>INHALT<\/h1>\n<p>[\/et_pb_text][\/et_pb_column][et_pb_column type=&#8221;3_4&#8243;][et_pb_text admin_label=&#8221;SYNOPSIS&#8221; background_layout=&#8221;light&#8221; text_orientation=&#8221;left&#8221;]Als Leons bester Freund Ari an Krebs erkrankt, entscheidet sich der arbeitslose und verzweifelte Leon seinem Freund im Kampf gegen den Krebs zu helfen, indem er Straftaten begeht, um f\u00fcr dessen Behandlungen zu bezahlen. Der 22-j\u00e4hrige Leon ist entschlossen, dass finanzielle Probleme Aris Heilung nicht im Wege stehen d\u00fcrfen. Gefilmt im heutigen Athen, Griechenland, folgen wir Leon bei seinen Versuchen, seinen besten Freund zu retten, was unwiderrufliche Folgen nach sich zieht.[\/et_pb_text][\/et_pb_column][\/et_pb_row][et_pb_row][et_pb_column type=&#8221;1_4&#8243;][et_pb_text admin_label=&#8221;MAKING 3000&#8243; background_layout=&#8221;light&#8221; text_orientation=&#8221;left&#8221;]<\/p>\n<h1>DAS MAKING-OF 3000<\/h1>\n<p>[\/et_pb_text][\/et_pb_column][et_pb_column type=&#8221;3_4&#8243;][et_pb_text admin_label=&#8221;MAKING 3000&#8243; background_layout=&#8221;light&#8221; text_orientation=&#8221;left&#8221; use_border_color=&#8221;off&#8221; border_color=&#8221;#ffffff&#8221; border_style=&#8221;solid&#8221;]Die Idee f\u00fcr 3000 wurde von dem australischen Autor | Regisseur Antonis Tsonis in Melbourne geboren, die Durchsetzung dieses Kurzfilms musste aufgrund der Distanz zwischen Europa und Australien jedoch sorgf\u00e4ltig abgewogen werden.\u00a0Mit bescheidenen Mitteln und voller Idealismus realisierten die unabh\u00e4ngige australische Produzentin Tia Spanos Tsonis und der griechische Filmemacher und Koproduzent Panagiotis Fafoutis 3000, weil ihnen das Thema so sehr am Herzen liegt. In Zusammenarbeit mit Besetzungschef Akis Gourzoulidis entschied sich Antonis f\u00fcr Nachwuchsschauspieler Panos Natsis f\u00fcr die Rolle des Leon. Bei seiner Arbeit mit Panos konzentrierte sich Antonis auf das Prinzip der \u2018emotionalen Wahrheit\u2018, das von der amerikanischen Schauspielerin und renommierten Schauspiellehrerin Stella Adler (1901-1992) entwickelt wurde. Kamera f\u00fcr 3000 f\u00fchrte J\u00f6rg Gruber aus Berlin, Deutschland, der den Film ausschlie\u00dflich an Drehorten filmte. Der Filmschnitt wurde von Antonis und dem griechischen Cutter Lambis Haralambidis in Griechenland durchgef\u00fchrt, leitender Produzent Wayne Blair kam f\u00fcr den Endschnitt nach Athen dazu. Die Postproduktion wurde in den DDP &amp; Deluxe International Studios in Melbourne durchgef\u00fchrt. Die vom verstorbenen Manuel De Sica (1949-2014) komponierte Titelmusik liegt dem Team von 3000 sehr am Herzen.[\/et_pb_text][\/et_pb_column][\/et_pb_row][et_pb_row][et_pb_column type=&#8221;1_4&#8243;][et_pb_text admin_label=&#8221;BIOGRAPHIES&#8221; background_layout=&#8221;light&#8221; text_orientation=&#8221;left&#8221;]<\/p>\n<h1>BIOGRAFIEN<\/h1>\n<p>[\/et_pb_text][\/et_pb_column][et_pb_column type=&#8221;3_4&#8243;][et_pb_text admin_label=&#8221;Antonis Tsonis Writer | Director&#8221; background_layout=&#8221;light&#8221; text_orientation=&#8221;left&#8221; module_class=&#8221;about-padding&#8221; use_border_color=&#8221;off&#8221; border_color=&#8221;#ffffff&#8221; border_style=&#8221;solid&#8221;]<\/p>\n<h2>Antonis Tsonis Autor | Regisseur<\/h2>\n<p>Autor und Regisseur Antonis wurde in Athen, Griechenland, geboren, ist Australier und lebt in Melbourne, wo er Jura und Geschichtswissenschaften studierte. Er erhielt seinen Doktortitel der Rechtswissenschaft von der Universit\u00e4t Melbourne. F\u00fcr seine Regiearbeit erhielt Antonis mehrere Nominierungen und gewann Preise bei internationalen Filmfestivals, darunter auch beim Internationalen Levante Filmfestival in Italien. Er erhielt den Federico-Fellini-Preis f\u00fcr hervorragende Regiearbeit in Indonesien. 2013 realisierte er seinen unabh\u00e4ngigen Kurzfilm The Firebird, der auf 35 Festivals weltweit gezeigt wurde. Der Film gewann viele Auszeichnungen und erhielt den Preis f\u00fcr Beste Drama-Pr\u00e4sentation (Kurzfilm) beim Manhattan Film Festival. 2015 erhielt Antonis den australischen Deluxe- Heartbeat Filmf\u00f6rderfonds. Als erz\u00e4hlerische und visuelle Inspirationsquelle dienen Antonis Elemente aus dem italienischen Neorealismus und dem amerikanische New-Wave-Kino. Er konzentriert sich insbesondere auf Erz\u00e4hlungen \u00fcber das tragische Leben von Figuren, die am Rande der Gesellschaft k\u00e4mpfen.<\/p>\n<p>[\/et_pb_text][et_pb_text admin_label=&#8221;Tia Spanos Tsonis Producer&#8221; background_layout=&#8221;light&#8221; text_orientation=&#8221;left&#8221; module_class=&#8221;about-padding&#8221;]<\/p>\n<h2>Tia Spanos Tsonis | Produzentin<\/h2>\n<p>Tia ist Mitbegr\u00fcnderin von Ficino Films. Sie produzierte und vertrieb vier Kurzfilme, die weltweit gezeigt wurden und oder Preise gewannen. Sie entwickelte zahlreiche PR- &amp; Marketingkampagnen in der Unterhaltungsindustrie und im Verlagswesen und ihre Inspiration f\u00fcr das Produzieren stammt von ihrem Wunsch, Geschichten zu zeigen, die unnachgiebig dem Thema menschlicher Existenz nachgehen. Tia freut sich auf die Gelegenheit, 3000 den Zuschauern internationaler Filmfestivals vorzustellen.[\/et_pb_text][et_pb_text admin_label=&#8221;Panagiotis Fafoutis Co-Producer&#8221; background_layout=&#8221;light&#8221; text_orientation=&#8221;left&#8221; use_border_color=&#8221;off&#8221; border_color=&#8221;#ffffff&#8221; border_style=&#8221;solid&#8221;]<\/p>\n<h2>Panagiotis Fafoutis | Koproduzent<\/h2>\n<p>Panagiotis wurde in Patras in Griechenland geboren. Er studierte Jura an der Athener Universit\u00e4t und Regie an der renommierten Stavrakos-Filmhochschule in Athen.\u00a0Panagiotis ist ein gefeierter und ber\u00fchmter Regisseur, Drehbuchautor und Produzent in Griechenland. Er schuf 6 Kurzfilme, wurde mit nationalen und internationalen Preisen ausgezeichnet und realisierte 2 Spielfilme. Seine genre\u00fcbergreifenden Werke sind im Kino, Fernsehen, Theater und auf Firmen- und Kulturveranstaltungen zu sehen.\u00a0Zurzeit unterrichtet Panagiotis Filmkunst an verschiedenen Film- und Schauspielschulen, w\u00e4hrend er weiterhin als Filmemacher aktiv ist. Panagiotis leitet seine eigene Produktionsfirma in Griechenland und genie\u00dft unter seinen Zeitgenossen und Kollegen ein hohes Ansehen.<\/p>\n<p>[\/et_pb_text][\/et_pb_column][\/et_pb_row][et_pb_row][et_pb_column type=&#8221;1_4&#8243;][et_pb_text admin_label=&#8221;FICINO FILMS &#8221; background_layout=&#8221;light&#8221; text_orientation=&#8221;left&#8221;]<\/p>\n<h1>Ficino Films<\/h1>\n<p>[\/et_pb_text][\/et_pb_column][et_pb_column type=&#8221;3_4&#8243;][et_pb_text admin_label=&#8221;FICINO FILMS&#8221; background_layout=&#8221;light&#8221; text_orientation=&#8221;left&#8221; use_border_color=&#8221;off&#8221; border_color=&#8221;#ffffff&#8221; border_style=&#8221;solid&#8221;]<\/p>\n<p>Ficino Films ist eine unabh\u00e4ngige Filmproduktionsfirma in Melbourne, Australien. Ficino Films strebt danach, zeitgen\u00f6ssische und international relevante Filmkunst zu schaffen, die Menschen auf der ganzen Welt anspricht.<\/p>\n<p><a href=\"http:\/\/ficinofilms.com\/\" target=\"_blank\"><img loading=\"lazy\" decoding=\"async\" class=\"alignnone wp-image-1139 size-full\" src=\"http:\/\/ficinofilms.com\/3000\/my_content\/uploads\/2015\/06\/ficino-LOGO-DARK-100.png\" alt=\"ficino films logo\" width=\"87\" height=\"100\" srcset=\"https:\/\/ficinofilms.com\/3000\/my_content\/uploads\/2015\/06\/ficino-LOGO-DARK-100.png 87w, https:\/\/ficinofilms.com\/3000\/my_content\/uploads\/2015\/06\/ficino-LOGO-DARK-100-21x24.png 21w, https:\/\/ficinofilms.com\/3000\/my_content\/uploads\/2015\/06\/ficino-LOGO-DARK-100-31x36.png 31w, https:\/\/ficinofilms.com\/3000\/my_content\/uploads\/2015\/06\/ficino-LOGO-DARK-100-42x48.png 42w\" sizes=\"(max-width: 87px) 100vw, 87px\" \/><\/a><\/p>\n<p>[\/et_pb_text][\/et_pb_column][\/et_pb_row][et_pb_row][et_pb_column type=&#8221;1_4&#8243;][et_pb_text admin_label=&#8221;Deluxe Heartbeat Fund&#8221; background_layout=&#8221;light&#8221; text_orientation=&#8221;left&#8221;]<\/p>\n<h1>Deluxe Heartbeat Filmf\u00f6rderfonds<\/h1>\n<p>[\/et_pb_text][\/et_pb_column][et_pb_column type=&#8221;3_4&#8243;][et_pb_text admin_label=&#8221;Deluxe Heartbeat Fund&#8221; background_layout=&#8221;light&#8221; text_orientation=&#8221;left&#8221; use_border_color=&#8221;off&#8221; border_color=&#8221;#ffffff&#8221; border_style=&#8221;solid&#8221;]<\/p>\n<p>Deluxe Australia hilft bei der Finanzierung australischer Film- und Fernsehproduktionen.<br \/>\nWir f\u00f6rdern und arbeiten mit Gruppen zusammen, die die australische Film- und Fernsehindustrie auf globaler Ebene unterst\u00fctzen. Darunter befinden sich die Australian Academy of Cinema Television Arts (AACTA), die Screen Producers Australia, die Australian Cinematographers Society und auch beliebte Festivals wie das Melbourne International, St Kilda und indische Filmfestivals.\u00a0<a href=\"http:\/\/ddpstudios.com.au\/projects\/3000\" target=\"_blank\">http:\/\/ddpstudios.com.au\/projects\/3000<\/a><\/p>\n<p><img loading=\"lazy\" decoding=\"async\" class=\"alignnone wp-image-489 \" src=\"http:\/\/ficinofilms.com\/3000\/my_content\/uploads\/2015\/05\/heartbeat.jpg\" alt=\"heartbeat\" width=\"221\" height=\"81\" \/><\/p>\n<p>[\/et_pb_text][\/et_pb_column][\/et_pb_row][\/et_pb_section][et_pb_section fullwidth=&#8221;off&#8221; specialty=&#8221;off&#8221;][et_pb_row][et_pb_column type=&#8221;4_4&#8243;][et_pb_divider admin_label=&#8221;Divider&#8221; color=&#8221;#ffffff&#8221; show_divider=&#8221;off&#8221; height=&#8221;40px&#8221; \/][\/et_pb_column][\/et_pb_row][\/et_pb_section]<\/p>\n","protected":false},"excerpt":{"rendered":"<p><div class=\"et_pb_row et_pb_row_0 et_pb_row_empty\">\n\t\t\t\t\n\t\t\t\t\n\t\t\t\t\n\t\t\t\t\n\t\t\t\t\n\t\t\t<\/div><div id=\"new-royalslider-4\" class=\"royalSlider new-royalslider-4 rsUni rs-default-template\" style=\"width:100%;height:580px;;\">\n<div class=\"rsContent\">\n  <img decoding=\"async\" class=\"rsImg\" src=\"http:\/\/ficinofilms.com\/3000\/my_content\/uploads\/2015\/05\/3000-271-1024x576.jpg\" alt=\"3000 by Antonis Tsonis Ficino Films - about us\"\/>\n  \n  \n  \n<\/div>\n\n<\/div>\n<div class=\"et_pb_row et_pb_row_1 et_pb_row_empty\">\n\t\t\t\t\n\t\t\t\t\n\t\t\t\t\n\t\t\t\t\n\t\t\t\t\n\t\t\t<\/div><div class=\"et_pb_row et_pb_row_2 et_pb_row_empty\">\n\t\t\t\t\n\t\t\t\t\n\t\t\t\t\n\t\t\t\t\n\t\t\t\t\n\t\t\t<\/div> INHALT Als Leons bester Freund Ari an Krebs erkrankt, entscheidet sich der arbeitslose und verzweifelte Leon seinem Freund im Kampf gegen den Krebs zu helfen, indem er Straftaten begeht, um f\u00fcr dessen Behandlungen zu bezahlen. Der 22-j\u00e4hrige Leon ist entschlossen, dass finanzielle Probleme Aris Heilung nicht im Wege stehen d\u00fcrfen. Gefilmt im heutigen [&hellip;]<\/p>\n","protected":false},"author":1,"featured_media":0,"parent":0,"menu_order":0,"comment_status":"open","ping_status":"open","template":"","meta":{"_et_pb_use_builder":"on","_et_pb_old_content":"","_et_gb_content_width":"","footnotes":""},"class_list":["post-945","page","type-page","status-publish","hentry"],"yoast_head":"<!-- This site is optimized with the Yoast SEO plugin v25.5 - https:\/\/yoast.com\/wordpress\/plugins\/seo\/ -->\n<title>\u00fcber uns - 3000 Antonis Tsonis<\/title>\n<meta name=\"description\" content=\"Film: 3000, Director: Antonis Tsonis, Produced: Ficino Films\" \/>\n<meta name=\"robots\" content=\"index, follow, max-snippet:-1, max-image-preview:large, max-video-preview:-1\" \/>\n<link rel=\"canonical\" href=\"https:\/\/ficinofilms.com\/3000\/about-us\/?lang=de\" \/>\n<meta property=\"og:locale\" content=\"de_DE\" \/>\n<meta property=\"og:type\" content=\"article\" \/>\n<meta property=\"og:title\" content=\"\u00fcber uns - 3000 Antonis Tsonis\" \/>\n<meta property=\"og:description\" content=\"Film: 3000, Director: Antonis Tsonis, Produced: Ficino Films\" \/>\n<meta property=\"og:url\" content=\"https:\/\/ficinofilms.com\/3000\/about-us\/?lang=de\" \/>\n<meta property=\"og:site_name\" content=\"3000 Antonis Tsonis\" \/>\n<meta property=\"article:modified_time\" content=\"2015-06-19T13:44:46+00:00\" \/>\n<meta property=\"og:image\" content=\"http:\/\/ficinofilms.com\/3000\/my_content\/uploads\/2015\/06\/ficino-LOGO-DARK-100.png\" \/>\n<meta name=\"twitter:card\" content=\"summary_large_image\" \/>\n<meta name=\"twitter:label1\" content=\"Gesch\u00e4tzte Lesezeit\" \/>\n\t<meta name=\"twitter:data1\" content=\"6\u00a0Minuten\" \/>\n<script type=\"application\/ld+json\" class=\"yoast-schema-graph\">{\"@context\":\"https:\/\/schema.org\",\"@graph\":[{\"@type\":\"WebPage\",\"@id\":\"https:\/\/ficinofilms.com\/3000\/about-us\/?lang=de\",\"url\":\"https:\/\/ficinofilms.com\/3000\/about-us\/?lang=de\",\"name\":\"\u00fcber uns - 3000 Antonis Tsonis\",\"isPartOf\":{\"@id\":\"https:\/\/ficinofilms.com\/3000\/?lang=es\/#website\"},\"primaryImageOfPage\":{\"@id\":\"https:\/\/ficinofilms.com\/3000\/about-us\/?lang=de#primaryimage\"},\"image\":{\"@id\":\"https:\/\/ficinofilms.com\/3000\/about-us\/?lang=de#primaryimage\"},\"thumbnailUrl\":\"http:\/\/ficinofilms.com\/3000\/my_content\/uploads\/2015\/06\/ficino-LOGO-DARK-100.png\",\"datePublished\":\"2015-05-24T07:31:20+00:00\",\"dateModified\":\"2015-06-19T13:44:46+00:00\",\"description\":\"Film: 3000, Director: Antonis Tsonis, Produced: Ficino Films\",\"breadcrumb\":{\"@id\":\"https:\/\/ficinofilms.com\/3000\/about-us\/?lang=de#breadcrumb\"},\"inLanguage\":\"de\",\"potentialAction\":[{\"@type\":\"ReadAction\",\"target\":[\"https:\/\/ficinofilms.com\/3000\/about-us\/?lang=de\"]}]},{\"@type\":\"ImageObject\",\"inLanguage\":\"de\",\"@id\":\"https:\/\/ficinofilms.com\/3000\/about-us\/?lang=de#primaryimage\",\"url\":\"https:\/\/ficinofilms.com\/3000\/my_content\/uploads\/2015\/06\/ficino-LOGO-DARK-100.png\",\"contentUrl\":\"https:\/\/ficinofilms.com\/3000\/my_content\/uploads\/2015\/06\/ficino-LOGO-DARK-100.png\",\"width\":87,\"height\":100,\"caption\":\"ficino films logo\"},{\"@type\":\"BreadcrumbList\",\"@id\":\"https:\/\/ficinofilms.com\/3000\/about-us\/?lang=de#breadcrumb\",\"itemListElement\":[{\"@type\":\"ListItem\",\"position\":1,\"name\":\"Home\",\"item\":\"https:\/\/ficinofilms.com\/3000\/?lang=de\"},{\"@type\":\"ListItem\",\"position\":2,\"name\":\"\u00fcber uns\"}]},{\"@type\":\"WebSite\",\"@id\":\"https:\/\/ficinofilms.com\/3000\/?lang=es\/#website\",\"url\":\"https:\/\/ficinofilms.com\/3000\/?lang=es\/\",\"name\":\"3000 Antonis Tsonis\",\"description\":\"3000 Antonis Tsonis Ficino Films\",\"potentialAction\":[{\"@type\":\"SearchAction\",\"target\":{\"@type\":\"EntryPoint\",\"urlTemplate\":\"https:\/\/ficinofilms.com\/3000\/?lang=es\/?s={search_term_string}\"},\"query-input\":{\"@type\":\"PropertyValueSpecification\",\"valueRequired\":true,\"valueName\":\"search_term_string\"}}],\"inLanguage\":\"de\"}]}<\/script>\n<!-- \/ Yoast SEO plugin. -->","yoast_head_json":{"title":"\u00fcber uns - 3000 Antonis Tsonis","description":"Film: 3000, Director: Antonis Tsonis, Produced: Ficino Films","robots":{"index":"index","follow":"follow","max-snippet":"max-snippet:-1","max-image-preview":"max-image-preview:large","max-video-preview":"max-video-preview:-1"},"canonical":"https:\/\/ficinofilms.com\/3000\/about-us\/?lang=de","og_locale":"de_DE","og_type":"article","og_title":"\u00fcber uns - 3000 Antonis Tsonis","og_description":"Film: 3000, Director: Antonis Tsonis, Produced: Ficino Films","og_url":"https:\/\/ficinofilms.com\/3000\/about-us\/?lang=de","og_site_name":"3000 Antonis Tsonis","article_modified_time":"2015-06-19T13:44:46+00:00","og_image":[{"url":"http:\/\/ficinofilms.com\/3000\/my_content\/uploads\/2015\/06\/ficino-LOGO-DARK-100.png","type":"","width":"","height":""}],"twitter_card":"summary_large_image","twitter_misc":{"Gesch\u00e4tzte Lesezeit":"6\u00a0Minuten"},"schema":{"@context":"https:\/\/schema.org","@graph":[{"@type":"WebPage","@id":"https:\/\/ficinofilms.com\/3000\/about-us\/?lang=de","url":"https:\/\/ficinofilms.com\/3000\/about-us\/?lang=de","name":"\u00fcber uns - 3000 Antonis Tsonis","isPartOf":{"@id":"https:\/\/ficinofilms.com\/3000\/?lang=es\/#website"},"primaryImageOfPage":{"@id":"https:\/\/ficinofilms.com\/3000\/about-us\/?lang=de#primaryimage"},"image":{"@id":"https:\/\/ficinofilms.com\/3000\/about-us\/?lang=de#primaryimage"},"thumbnailUrl":"http:\/\/ficinofilms.com\/3000\/my_content\/uploads\/2015\/06\/ficino-LOGO-DARK-100.png","datePublished":"2015-05-24T07:31:20+00:00","dateModified":"2015-06-19T13:44:46+00:00","description":"Film: 3000, Director: Antonis Tsonis, Produced: Ficino Films","breadcrumb":{"@id":"https:\/\/ficinofilms.com\/3000\/about-us\/?lang=de#breadcrumb"},"inLanguage":"de","potentialAction":[{"@type":"ReadAction","target":["https:\/\/ficinofilms.com\/3000\/about-us\/?lang=de"]}]},{"@type":"ImageObject","inLanguage":"de","@id":"https:\/\/ficinofilms.com\/3000\/about-us\/?lang=de#primaryimage","url":"https:\/\/ficinofilms.com\/3000\/my_content\/uploads\/2015\/06\/ficino-LOGO-DARK-100.png","contentUrl":"https:\/\/ficinofilms.com\/3000\/my_content\/uploads\/2015\/06\/ficino-LOGO-DARK-100.png","width":87,"height":100,"caption":"ficino films logo"},{"@type":"BreadcrumbList","@id":"https:\/\/ficinofilms.com\/3000\/about-us\/?lang=de#breadcrumb","itemListElement":[{"@type":"ListItem","position":1,"name":"Home","item":"https:\/\/ficinofilms.com\/3000\/?lang=de"},{"@type":"ListItem","position":2,"name":"\u00fcber uns"}]},{"@type":"WebSite","@id":"https:\/\/ficinofilms.com\/3000\/?lang=es\/#website","url":"https:\/\/ficinofilms.com\/3000\/?lang=es\/","name":"3000 Antonis Tsonis","description":"3000 Antonis Tsonis Ficino Films","potentialAction":[{"@type":"SearchAction","target":{"@type":"EntryPoint","urlTemplate":"https:\/\/ficinofilms.com\/3000\/?lang=es\/?s={search_term_string}"},"query-input":{"@type":"PropertyValueSpecification","valueRequired":true,"valueName":"search_term_string"}}],"inLanguage":"de"}]}},"_links":{"self":[{"href":"https:\/\/ficinofilms.com\/3000\/wp-json\/wp\/v2\/pages\/945\/?lang=de"}],"collection":[{"href":"https:\/\/ficinofilms.com\/3000\/wp-json\/wp\/v2\/pages\/?lang=de"}],"about":[{"href":"https:\/\/ficinofilms.com\/3000\/wp-json\/wp\/v2\/types\/page\/?lang=de"}],"author":[{"embeddable":true,"href":"https:\/\/ficinofilms.com\/3000\/wp-json\/wp\/v2\/users\/1\/?lang=de"}],"replies":[{"embeddable":true,"href":"https:\/\/ficinofilms.com\/3000\/wp-json\/wp\/v2\/comments\/?lang=de&post=945"}],"version-history":[{"count":11,"href":"https:\/\/ficinofilms.com\/3000\/wp-json\/wp\/v2\/pages\/945\/revisions\/?lang=de"}],"predecessor-version":[{"id":1210,"href":"https:\/\/ficinofilms.com\/3000\/wp-json\/wp\/v2\/pages\/945\/revisions\/1210\/?lang=de"}],"wp:attachment":[{"href":"https:\/\/ficinofilms.com\/3000\/wp-json\/wp\/v2\/media\/?lang=de&parent=945"}],"curies":[{"name":"wp","href":"https:\/\/api.w.org\/{rel}","templated":true}]}}