{"id":949,"date":"2015-05-24T07:33:27","date_gmt":"2015-05-24T07:33:27","guid":{"rendered":"http:\/\/ficinofilms.com\/3000\/dir-statement-2\/"},"modified":"2015-06-19T13:47:46","modified_gmt":"2015-06-19T13:47:46","slug":"on-3000","status":"publish","type":"page","link":"http:\/\/ficinofilms.com\/3000\/on-3000\/?lang=de","title":{"rendered":"\u00fcber 3000"},"content":{"rendered":"<p>[et_pb_section fullwidth=&#8221;off&#8221; specialty=&#8221;off&#8221; transparent_background=&#8221;off&#8221; background_color=&#8221;#ffffff&#8221; allow_player_pause=&#8221;off&#8221; inner_shadow=&#8221;off&#8221; parallax=&#8221;off&#8221; parallax_method=&#8221;off&#8221; module_class=&#8221;full_width&#8221;][et_pb_row][et_pb_column type=&#8221;4_4&#8243;][et_pb_text admin_label=&#8221;slider 8&#8243; background_layout=&#8221;light&#8221; text_orientation=&#8221;left&#8221; module_class=&#8221;custom&#8221;]<div id=\"new-royalslider-8\" class=\"royalSlider new-royalslider-8 rsUni rs-default-template\" style=\"width:100%;height:580px;;\">\n<div class=\"rsContent\">\n  <img decoding=\"async\" class=\"rsImg\" src=\"http:\/\/ficinofilms.com\/3000\/my_content\/uploads\/2015\/05\/3000-06-1024x576.jpg\" alt=\"3000 by Antonis Tsonis Ficino Films - on 3000\"\/>\n  \n  \n  \n<\/div>\n\n<\/div>\n[\/et_pb_text][\/et_pb_column][\/et_pb_row][\/et_pb_section][et_pb_section fullwidth=&#8221;on&#8221; specialty=&#8221;off&#8221; transparent_background=&#8221;off&#8221; background_color=&#8221;#ffffff&#8221; allow_player_pause=&#8221;off&#8221; inner_shadow=&#8221;off&#8221; parallax=&#8221;off&#8221; parallax_method=&#8221;off&#8221; module_class=&#8221;special&#8221;][et_pb_fullwidth_menu admin_label=&#8221;Fullwidth Menu&#8221; menu_id=&#8221;3&#8243; background_color=&#8221;#ffffff&#8221; background_layout=&#8221;light&#8221; text_orientation=&#8221;center&#8221; submenu_direction=&#8221;downwards&#8221; module_class=&#8221;menus&#8221; \/][\/et_pb_section][et_pb_section fullwidth=&#8221;off&#8221; specialty=&#8221;off&#8221;][et_pb_row][et_pb_column type=&#8221;4_4&#8243;][et_pb_divider admin_label=&#8221;Divider&#8221; color=&#8221;#777777&#8243; show_divider=&#8221;on&#8221; height=&#8221;4px&#8221; \/][\/et_pb_column][\/et_pb_row][\/et_pb_section][et_pb_section fullwidth=&#8221;off&#8221; specialty=&#8221;off&#8221; transparent_background=&#8221;off&#8221; background_color=&#8221;#ffffff&#8221; allow_player_pause=&#8221;off&#8221; inner_shadow=&#8221;off&#8221; parallax=&#8221;off&#8221; parallax_method=&#8221;off&#8221;][et_pb_row][et_pb_column type=&#8221;1_4&#8243;][et_pb_text admin_label=&#8221;Text&#8221; background_layout=&#8221;light&#8221; text_orientation=&#8221;left&#8221;]<\/p>\n<h1>STIMME DES REGISSEURS<\/h1>\n<p>[\/et_pb_text][\/et_pb_column][et_pb_column type=&#8221;3_4&#8243;][et_pb_text admin_label=&#8221;Text&#8221; background_layout=&#8221;light&#8221; text_orientation=&#8221;left&#8221; use_border_color=&#8221;off&#8221; border_color=&#8221;#ffffff&#8221; border_style=&#8221;solid&#8221;]<\/p>\n<p>3000 zeigt ein gegenw\u00e4rtiges Athen, das die globale Aufmerksamkeit auf sich lenkt.\u00a0Athen wird an seine Grenzen gedr\u00e4ngt, es hat einen Nullpunkt erreicht. Dies erfordert eine Neu\u00fcberpr\u00fcfung unseres Urteilsverm\u00f6gens in Bezug auf gew\u00f6hnliche Menschen in einer Zeit der Not.<\/p>\n<p>Durch seinen Versuch, das Leben seines besten Freundes zu retten, dessen Familie seine Krebsbehandlungen nicht mehr bezahlen kann, z\u00f6gert Leon nicht, eine neue Identit\u00e4t anzunehmen: die letztendlich unm\u00f6gliche Identit\u00e4t des unschuldigen Straft\u00e4ters.\u00a0Herbeigef\u00fchrt durch Aris Notlage und aufgrund unverschuldeter Umst\u00e4nde und in der Tat uneigenn\u00fctziger \u201eFehler\u201c wird Leon zu einem Schuldigen.\u00a0Wenn wir Leons Entscheidung verstehen wollen, m\u00fcssen wir das Bild von Aris Krankenbett im Wohnzimmer als seine Motivation erkennen.<\/p>\n<p>Das andere wesentliche Motiv des Films ist der Klang der Kindheit. Es ist das Echo einer Kindheit, in der sich Leon und Ari, zwei Freunde, die einem unentrinnbaren Schicksal entgegensehen, immer noch spielen h\u00f6ren k\u00f6nnen.<br \/>\nDas ist die unbefleckte Quelle f\u00fcr Leons Liebe zu Ari. Aber Leon ist auch in Daphne verliebt, Aris j\u00fcngere Schwester, und ist noch nicht bereit, Ari von dieser Beziehung zu erz\u00e4hlen.\u00a0Leon muss sich mit der Erkenntnis abfinden, dass er seine Schuld unterdr\u00fccken muss, damit er die Liebe zu Daphne aufrechterhalten und seinen besten Freund retten kann.<\/p>\n<p>Gefilmt vor der tristen und traurig sch\u00f6nen Kulisse eines im Stich gelassenen Athens erfahren wir, welche tragischen Folgen Leons unm\u00f6gliche Moralvorstellungen nach sich ziehen.<\/p>\n<p>Was ich bei 3000 am meisten sch\u00e4tze, ist, dass wir mit Athens Jugend in direkten Kontakt kommen. Der Film 3000 ist ein Zeichen meiner unendlichen Schuld, die ich Athen nie begleichen kann, einer Stadt, die ich liebe und in der ich geboren wurde.<\/p>\n<p class=\"p1\">Antonis Tsonis<\/p>\n<p>[\/et_pb_text][\/et_pb_column][\/et_pb_row][\/et_pb_section][et_pb_section][et_pb_row][et_pb_column type=&#8221;4_4&#8243;][et_pb_divider admin_label=&#8221;Divider 40px&#8221; color=&#8221;#ffffff&#8221; show_divider=&#8221;off&#8221; height=&#8221;40px&#8221; \/][\/et_pb_column][\/et_pb_row][\/et_pb_section]<\/p>\n","protected":false},"excerpt":{"rendered":"<p><div class=\"et_pb_row et_pb_row_0 et_pb_row_empty\">\n\t\t\t\t\n\t\t\t\t\n\t\t\t\t\n\t\t\t\t\n\t\t\t\t\n\t\t\t<\/div><div id=\"new-royalslider-8\" class=\"royalSlider new-royalslider-8 rsUni rs-default-template\" style=\"width:100%;height:580px;;\">\n<div class=\"rsContent\">\n  <img decoding=\"async\" class=\"rsImg\" src=\"http:\/\/ficinofilms.com\/3000\/my_content\/uploads\/2015\/05\/3000-06-1024x576.jpg\" alt=\"3000 by Antonis Tsonis Ficino Films - on 3000\"\/>\n  \n  \n  \n<\/div>\n\n<\/div>\n<div class=\"et_pb_row et_pb_row_1 et_pb_row_empty\">\n\t\t\t\t\n\t\t\t\t\n\t\t\t\t\n\t\t\t\t\n\t\t\t\t\n\t\t\t<\/div><div class=\"et_pb_row et_pb_row_2 et_pb_row_empty\">\n\t\t\t\t\n\t\t\t\t\n\t\t\t\t\n\t\t\t\t\n\t\t\t\t\n\t\t\t<\/div> STIMME DES REGISSEURS 3000 zeigt ein gegenw\u00e4rtiges Athen, das die globale Aufmerksamkeit auf sich lenkt.\u00a0Athen wird an seine Grenzen gedr\u00e4ngt, es hat einen Nullpunkt erreicht. Dies erfordert eine Neu\u00fcberpr\u00fcfung unseres Urteilsverm\u00f6gens in Bezug auf gew\u00f6hnliche Menschen in einer Zeit der Not. Durch seinen Versuch, das Leben seines besten Freundes zu retten, dessen Familie [&hellip;]<\/p>\n","protected":false},"author":1,"featured_media":0,"parent":0,"menu_order":0,"comment_status":"open","ping_status":"open","template":"","meta":{"_et_pb_use_builder":"on","_et_pb_old_content":"","_et_gb_content_width":"","footnotes":""},"class_list":["post-949","page","type-page","status-publish","hentry"],"yoast_head":"<!-- This site is optimized with the Yoast SEO plugin v25.5 - https:\/\/yoast.com\/wordpress\/plugins\/seo\/ -->\n<title>\u00fcber 3000 - 3000 Antonis Tsonis<\/title>\n<meta name=\"description\" content=\"Film: 3000, Director: Antonis Tsonis, Produced: Ficino Films\" \/>\n<meta name=\"robots\" content=\"index, follow, max-snippet:-1, max-image-preview:large, max-video-preview:-1\" \/>\n<link rel=\"canonical\" href=\"https:\/\/ficinofilms.com\/3000\/on-3000\/?lang=de\" \/>\n<meta property=\"og:locale\" content=\"de_DE\" \/>\n<meta property=\"og:type\" content=\"article\" \/>\n<meta property=\"og:title\" content=\"\u00fcber 3000 - 3000 Antonis Tsonis\" \/>\n<meta property=\"og:description\" content=\"Film: 3000, Director: Antonis Tsonis, Produced: Ficino Films\" \/>\n<meta property=\"og:url\" content=\"https:\/\/ficinofilms.com\/3000\/on-3000\/?lang=de\" \/>\n<meta property=\"og:site_name\" content=\"3000 Antonis Tsonis\" \/>\n<meta property=\"article:modified_time\" content=\"2015-06-19T13:47:46+00:00\" \/>\n<meta name=\"twitter:card\" content=\"summary_large_image\" \/>\n<meta name=\"twitter:label1\" content=\"Gesch\u00e4tzte Lesezeit\" \/>\n\t<meta name=\"twitter:data1\" content=\"3\u00a0Minuten\" \/>\n<script type=\"application\/ld+json\" class=\"yoast-schema-graph\">{\"@context\":\"https:\/\/schema.org\",\"@graph\":[{\"@type\":\"WebPage\",\"@id\":\"https:\/\/ficinofilms.com\/3000\/on-3000\/?lang=de\",\"url\":\"https:\/\/ficinofilms.com\/3000\/on-3000\/?lang=de\",\"name\":\"\u00fcber 3000 - 3000 Antonis Tsonis\",\"isPartOf\":{\"@id\":\"http:\/\/ficinofilms.com\/3000\/?lang=fr\/#website\"},\"datePublished\":\"2015-05-24T07:33:27+00:00\",\"dateModified\":\"2015-06-19T13:47:46+00:00\",\"description\":\"Film: 3000, Director: Antonis Tsonis, Produced: Ficino Films\",\"breadcrumb\":{\"@id\":\"https:\/\/ficinofilms.com\/3000\/on-3000\/?lang=de#breadcrumb\"},\"inLanguage\":\"de\",\"potentialAction\":[{\"@type\":\"ReadAction\",\"target\":[\"https:\/\/ficinofilms.com\/3000\/on-3000\/?lang=de\"]}]},{\"@type\":\"BreadcrumbList\",\"@id\":\"https:\/\/ficinofilms.com\/3000\/on-3000\/?lang=de#breadcrumb\",\"itemListElement\":[{\"@type\":\"ListItem\",\"position\":1,\"name\":\"Home\",\"item\":\"http:\/\/ficinofilms.com\/3000\/?lang=de\"},{\"@type\":\"ListItem\",\"position\":2,\"name\":\"\u00fcber 3000\"}]},{\"@type\":\"WebSite\",\"@id\":\"http:\/\/ficinofilms.com\/3000\/?lang=fr\/#website\",\"url\":\"http:\/\/ficinofilms.com\/3000\/?lang=fr\/\",\"name\":\"3000 Antonis Tsonis\",\"description\":\"3000 Antonis Tsonis Ficino Films\",\"potentialAction\":[{\"@type\":\"SearchAction\",\"target\":{\"@type\":\"EntryPoint\",\"urlTemplate\":\"http:\/\/ficinofilms.com\/3000\/?lang=fr\/?s={search_term_string}\"},\"query-input\":{\"@type\":\"PropertyValueSpecification\",\"valueRequired\":true,\"valueName\":\"search_term_string\"}}],\"inLanguage\":\"de\"}]}<\/script>\n<!-- \/ Yoast SEO plugin. -->","yoast_head_json":{"title":"\u00fcber 3000 - 3000 Antonis Tsonis","description":"Film: 3000, Director: Antonis Tsonis, Produced: Ficino Films","robots":{"index":"index","follow":"follow","max-snippet":"max-snippet:-1","max-image-preview":"max-image-preview:large","max-video-preview":"max-video-preview:-1"},"canonical":"https:\/\/ficinofilms.com\/3000\/on-3000\/?lang=de","og_locale":"de_DE","og_type":"article","og_title":"\u00fcber 3000 - 3000 Antonis Tsonis","og_description":"Film: 3000, Director: Antonis Tsonis, Produced: Ficino Films","og_url":"https:\/\/ficinofilms.com\/3000\/on-3000\/?lang=de","og_site_name":"3000 Antonis Tsonis","article_modified_time":"2015-06-19T13:47:46+00:00","twitter_card":"summary_large_image","twitter_misc":{"Gesch\u00e4tzte Lesezeit":"3\u00a0Minuten"},"schema":{"@context":"https:\/\/schema.org","@graph":[{"@type":"WebPage","@id":"https:\/\/ficinofilms.com\/3000\/on-3000\/?lang=de","url":"https:\/\/ficinofilms.com\/3000\/on-3000\/?lang=de","name":"\u00fcber 3000 - 3000 Antonis Tsonis","isPartOf":{"@id":"http:\/\/ficinofilms.com\/3000\/?lang=fr\/#website"},"datePublished":"2015-05-24T07:33:27+00:00","dateModified":"2015-06-19T13:47:46+00:00","description":"Film: 3000, Director: Antonis Tsonis, Produced: Ficino Films","breadcrumb":{"@id":"https:\/\/ficinofilms.com\/3000\/on-3000\/?lang=de#breadcrumb"},"inLanguage":"de","potentialAction":[{"@type":"ReadAction","target":["https:\/\/ficinofilms.com\/3000\/on-3000\/?lang=de"]}]},{"@type":"BreadcrumbList","@id":"https:\/\/ficinofilms.com\/3000\/on-3000\/?lang=de#breadcrumb","itemListElement":[{"@type":"ListItem","position":1,"name":"Home","item":"http:\/\/ficinofilms.com\/3000\/?lang=de"},{"@type":"ListItem","position":2,"name":"\u00fcber 3000"}]},{"@type":"WebSite","@id":"http:\/\/ficinofilms.com\/3000\/?lang=fr\/#website","url":"http:\/\/ficinofilms.com\/3000\/?lang=fr\/","name":"3000 Antonis Tsonis","description":"3000 Antonis Tsonis Ficino Films","potentialAction":[{"@type":"SearchAction","target":{"@type":"EntryPoint","urlTemplate":"http:\/\/ficinofilms.com\/3000\/?lang=fr\/?s={search_term_string}"},"query-input":{"@type":"PropertyValueSpecification","valueRequired":true,"valueName":"search_term_string"}}],"inLanguage":"de"}]}},"_links":{"self":[{"href":"http:\/\/ficinofilms.com\/3000\/wp-json\/wp\/v2\/pages\/949\/?lang=de"}],"collection":[{"href":"http:\/\/ficinofilms.com\/3000\/wp-json\/wp\/v2\/pages\/?lang=de"}],"about":[{"href":"http:\/\/ficinofilms.com\/3000\/wp-json\/wp\/v2\/types\/page\/?lang=de"}],"author":[{"embeddable":true,"href":"http:\/\/ficinofilms.com\/3000\/wp-json\/wp\/v2\/users\/1\/?lang=de"}],"replies":[{"embeddable":true,"href":"http:\/\/ficinofilms.com\/3000\/wp-json\/wp\/v2\/comments\/?lang=de&post=949"}],"version-history":[{"count":5,"href":"http:\/\/ficinofilms.com\/3000\/wp-json\/wp\/v2\/pages\/949\/revisions\/?lang=de"}],"predecessor-version":[{"id":1211,"href":"http:\/\/ficinofilms.com\/3000\/wp-json\/wp\/v2\/pages\/949\/revisions\/1211\/?lang=de"}],"wp:attachment":[{"href":"http:\/\/ficinofilms.com\/3000\/wp-json\/wp\/v2\/media\/?lang=de&parent=949"}],"curies":[{"name":"wp","href":"https:\/\/api.w.org\/{rel}","templated":true}]}}