{"id":879,"date":"2015-05-24T07:31:20","date_gmt":"2015-05-24T07:31:20","guid":{"rendered":"http:\/\/ficinofilms.com\/3000\/about-us-2\/"},"modified":"2015-06-19T13:39:17","modified_gmt":"2015-06-19T13:39:17","slug":"about-us","status":"publish","type":"page","link":"http:\/\/ficinofilms.com\/3000\/about-us\/?lang=fr","title":{"rendered":"qui sommes-nous"},"content":{"rendered":"<p>[et_pb_section fullwidth=&#8221;off&#8221; specialty=&#8221;off&#8221; transparent_background=&#8221;off&#8221; background_color=&#8221;#ffffff&#8221; allow_player_pause=&#8221;off&#8221; inner_shadow=&#8221;off&#8221; parallax=&#8221;off&#8221; parallax_method=&#8221;off&#8221; module_class=&#8221;full_width&#8221;][et_pb_row][et_pb_column type=&#8221;4_4&#8243;][et_pb_text admin_label=&#8221;Text&#8221; background_layout=&#8221;light&#8221; text_orientation=&#8221;left&#8221; module_class=&#8221;custom&#8221;]<div id=\"new-royalslider-4\" class=\"royalSlider new-royalslider-4 rsUni rs-default-template\" style=\"width:100%;height:580px;;\">\n<div class=\"rsContent\">\n  <img decoding=\"async\" class=\"rsImg\" src=\"https:\/\/ficinofilms.com\/3000\/my_content\/uploads\/2015\/05\/3000-271-1024x576.jpg\" alt=\"3000 by Antonis Tsonis Ficino Films - about us\"\/>\n  \n  \n  \n<\/div>\n\n<\/div>\n[\/et_pb_text][\/et_pb_column][\/et_pb_row][\/et_pb_section][et_pb_section fullwidth=&#8221;on&#8221; specialty=&#8221;off&#8221; transparent_background=&#8221;off&#8221; background_color=&#8221;#ffffff&#8221; allow_player_pause=&#8221;off&#8221; inner_shadow=&#8221;off&#8221; parallax=&#8221;off&#8221; parallax_method=&#8221;off&#8221; module_class=&#8221;special&#8221;][et_pb_fullwidth_menu admin_label=&#8221;Fullwidth Menu&#8221; menu_id=&#8221;3&#8243; background_color=&#8221;#ffffff&#8221; background_layout=&#8221;light&#8221; text_orientation=&#8221;center&#8221; submenu_direction=&#8221;downwards&#8221; module_class=&#8221;menus&#8221; \/][\/et_pb_section][et_pb_section fullwidth=&#8221;off&#8221; specialty=&#8221;off&#8221;][et_pb_row][et_pb_column type=&#8221;4_4&#8243;][et_pb_divider admin_label=&#8221;Divider&#8221; color=&#8221;#777777&#8243; show_divider=&#8221;on&#8221; height=&#8221;4px&#8221; \/][\/et_pb_column][\/et_pb_row][\/et_pb_section][et_pb_section fullwidth=&#8221;off&#8221; specialty=&#8221;off&#8221;][et_pb_row][et_pb_column type=&#8221;1_4&#8243;][et_pb_text admin_label=&#8221;SYNOPSIS&#8221; background_layout=&#8221;light&#8221; text_orientation=&#8221;left&#8221;]<\/p>\n<h1>SYNOPSIS<\/h1>\n<p>[\/et_pb_text][\/et_pb_column][et_pb_column type=&#8221;3_4&#8243;][et_pb_text admin_label=&#8221;SYNOPSIS&#8221; background_layout=&#8221;light&#8221; text_orientation=&#8221;left&#8221;]Quand son meilleur ami Ari lui apprend la terrible nouvelle de son cancer, Leon, sans-emploi et pr\u00eat \u00e0 tout pour l\u2019aider, d\u00e9cide de devenir un criminel pour pouvoir lui payer un meilleur traitement. Leon, 22 ans, est bien d\u00e9cid\u00e9 \u00e0 ne pas laisser des difficult\u00e9s financi\u00e8res menacer la vie d\u2019Ari. Avec en toile de fond la ville contemporaine d\u2019Ath\u00e8nes en Gr\u00e8ce, les actes de Leon pour sauver son ami ont des cons\u00e9quences irr\u00e9versibles.[\/et_pb_text][\/et_pb_column][\/et_pb_row][et_pb_row][et_pb_column type=&#8221;1_4&#8243;][et_pb_text admin_label=&#8221;MAKING 3000&#8243; background_layout=&#8221;light&#8221; text_orientation=&#8221;left&#8221;]<\/p>\n<h1>LA R\u00c9ALISATION DE 3000<\/h1>\n<p>[\/et_pb_text][\/et_pb_column][et_pb_column type=&#8221;3_4&#8243;][et_pb_text admin_label=&#8221;MAKING 3000&#8243; background_layout=&#8221;light&#8221; text_orientation=&#8221;left&#8221;]Le film 3000 est n\u00e9 \u00e0 Melbourne de l\u2019imagination du sc\u00e9nariste | r\u00e9alisateur australien Antonis Tsonis, mais le tournage de ce court-m\u00e9trage a n\u00e9cessit\u00e9 un examen approfondi en raison de la distance s\u00e9parant l\u2019Europe de l\u2019Australie. Disposant de ressources modestes, la productrice australienne ind\u00e9pendante Tia Spanos Tsonis et le cin\u00e9aste et coproducteur grec Panagiotis Fafoutis ont \u00e9t\u00e9 enthousiasm\u00e9s par l\u2019id\u00e9e de travailler sur 3000, qui traite d\u2019un sujet qu\u2019ils jugeaient tr\u00e8s poignant. En collaboration avec le directeur de casting Akis Gourzoulidis, Antonis choisit Panos Natsis pour jouer Leon, son premier r\u00f4le au cin\u00e9ma. Au cours des r\u00e9p\u00e9titions avec Panos, Antonis s\u2019est concentr\u00e9 sur le principe du \u00ab r\u00e9alisme \u00e9motionnel \u00bb, d\u00e9velopp\u00e9 par l\u2019actrice am\u00e9ricaine et professeur d\u2019art dramatique r\u00e9put\u00e9e, Stella Adler (1901-1992). Joerg Gruber, directeur de la photographie allemand vivant \u00e0 Berlin, a rejoint l\u2019\u00e9quipe de production pour tourner 3000 enti\u00e8rement en ext\u00e9rieur. Antonis a mont\u00e9 le film en Gr\u00e8ce avec le monteur grec Lambis Haralambidis, et le producteur ex\u00e9cutif Wayne Blair l\u2019a rejoint \u00e0 Ath\u00e8nes pour le visionnage. La postproduction a \u00e9t\u00e9 effectu\u00e9e aux DDP &amp; Deluxe International Studios \u00e0 Melbourne. Une grande sp\u00e9cificit\u00e9 de 3000 est son g\u00e9n\u00e9rique, compos\u00e9 par le regrett\u00e9 Manuel De Sica (1949-2014).[\/et_pb_text][\/et_pb_column][\/et_pb_row][et_pb_row][et_pb_column type=&#8221;1_4&#8243;][et_pb_text admin_label=&#8221;BIOGRAPHIES&#8221; background_layout=&#8221;light&#8221; text_orientation=&#8221;left&#8221;]<\/p>\n<h1>BIOGRAPHIES<\/h1>\n<p>[\/et_pb_text][\/et_pb_column][et_pb_column type=&#8221;3_4&#8243;][et_pb_text admin_label=&#8221;Antonis Tsonis Writer | Director&#8221; background_layout=&#8221;light&#8221; text_orientation=&#8221;left&#8221; module_class=&#8221;about-padding&#8221;]<\/p>\n<h2>Antonis Tsonis Sc\u00e9nariste | R\u00e9alisateur<\/h2>\n<p>N\u00e9 \u00e0 Ath\u00e8nes en Gr\u00e8ce, mais de nationalit\u00e9 australienne, le sc\u00e9nariste|r\u00e9alisateur Antonis r\u00e9side \u00e0 Melbourne, o\u00f9 il a \u00e9tudi\u00e9 le droit et l\u2019histoire. Il a \u00e9galement obtenu son doctorat en jurisprudence \u00e0 l\u2019Universit\u00e9 de Melbourne. Antonis a \u00e9t\u00e9 nomin\u00e9 et a re\u00e7u plusieurs prix du Meilleur R\u00e9alisateur dans un grand nombre de festivals internationaux, dont le Levante International Film Festival en Italie et le Federico Fellini Award for Outstanding Direction en Indon\u00e9sie. The Firebird, son court-m\u00e9trage ind\u00e9pendant sorti en 2013, a particip\u00e9 \u00e0 plus de 35 festivals dans le monde entier. Il a re\u00e7u de nombreux prix, dont celui du meilleur court-m\u00e9trage dramatique au Manhattan Film Festival. En 2015, Antonis est \u00e9galement devenu l\u2019un des b\u00e9n\u00e9ficiaires du Deluxe Heartbeat Fund en Australie. L\u2019inspiration sc\u00e9naristique et visuelle d\u2019Antonis allie le cin\u00e9ma n\u00e9or\u00e9aliste italien au mouvement dit du \u00ab Nouvel Hollywood \u00bb. Il s\u2019int\u00e9resse tout particuli\u00e8rement aux r\u00e9cits traitant de personnages en grande difficult\u00e9, en marge de la soci\u00e9t\u00e9.[\/et_pb_text][et_pb_text admin_label=&#8221;Tia Spanos Tsonis Producer&#8221; background_layout=&#8221;light&#8221; text_orientation=&#8221;left&#8221; module_class=&#8221;about-padding&#8221;]<\/p>\n<h2>Tia Spanos Tsonis | Productrice<\/h2>\n<p>Tia est la cofondatrice de Ficino Films. Elle a produit et distribu\u00e9 quatre courts-m\u00e9trages qui ont parcouru le monde et\/ou ont gagn\u00e9 des prix. Elle a travaill\u00e9 sur de nombreuses campagnes de marketing ou de relations publiques dans les industries du divertissement et de la publication. Son inspiration en tant que productrice est anim\u00e9e par son d\u00e9sir de partager des histoires qui n\u2019ont de cesse de repr\u00e9senter la condition humaine. Tia est impatiente de partager 3000 et de le distribuer au public et aux festivals de cin\u00e9ma du monde entier.[\/et_pb_text][et_pb_text admin_label=&#8221;Panagiotis Fafoutis Co-Producer&#8221; background_layout=&#8221;light&#8221; text_orientation=&#8221;left&#8221;]<\/p>\n<h2>Panagiotis Fafoutis | Coproducteur<\/h2>\n<p>Panagiotis est n\u00e9 \u00e0 Patras, en Gr\u00e8ce. Il a \u00e9tudi\u00e9 le droit \u00e0 l\u2019Universit\u00e9 d\u2019Ath\u00e8nes et la r\u00e9alisation dans la prestigieuse \u00e9cole Stavrakos Film School, \u00e9galement situ\u00e9e \u00e0 Ath\u00e8nes. Panagiotis est un r\u00e9alisateur, sc\u00e9nariste et producteur appr\u00e9ci\u00e9 et renomm\u00e9 en Gr\u00e8ce. Il a r\u00e9alis\u00e9 six courts-m\u00e9trages r\u00e9compens\u00e9s aux niveaux national et international, ainsi que deux longs-m\u00e9trages. Ses \u0153uvres explorent de nombreux genres artistiques comme le cin\u00e9ma, la t\u00e9l\u00e9vision, le th\u00e9\u00e2tre, les \u00e9v\u00e9nements culturels et sociaux. Panagiotis enseigne actuellement les \u00e9tudes cin\u00e9matographiques dans des \u00e9coles de cin\u00e9ma et de th\u00e9\u00e2tre, tout en poursuivant son travail de cin\u00e9aste.<br \/>\nPanagiotis poss\u00e8de sa propre entreprise de production en Gr\u00e8ce et est tr\u00e8s respect\u00e9 par ses confr\u00e8res, collaborateurs et partenaires.[\/et_pb_text][\/et_pb_column][\/et_pb_row][et_pb_row][et_pb_column type=&#8221;1_4&#8243;][et_pb_text admin_label=&#8221;FICINO FILMS &#8221; background_layout=&#8221;light&#8221; text_orientation=&#8221;left&#8221;]<\/p>\n<h1>Ficino Films<\/h1>\n<p>[\/et_pb_text][\/et_pb_column][et_pb_column type=&#8221;3_4&#8243;][et_pb_text admin_label=&#8221;FICINO FILMS&#8221; background_layout=&#8221;light&#8221; text_orientation=&#8221;left&#8221;]Ficino Films est un studio de cin\u00e9ma ind\u00e9pendant bas\u00e9 \u00e0 Melbourne, en Australie. Ficino Films souhaite cr\u00e9er des productions contemporaines et vari\u00e9es, abordables aux publics du monde entier.<\/p>\n<p><a href=\"http:\/\/ficinofilms.com\/\" target=\"_blank\"><img loading=\"lazy\" decoding=\"async\" class=\"alignnone wp-image-1139 size-full\" src=\"http:\/\/ficinofilms.com\/3000\/my_content\/uploads\/2015\/06\/ficino-LOGO-DARK-100.png\" alt=\"ficino films logo\" width=\"87\" height=\"100\" srcset=\"http:\/\/ficinofilms.com\/3000\/my_content\/uploads\/2015\/06\/ficino-LOGO-DARK-100.png 87w, http:\/\/ficinofilms.com\/3000\/my_content\/uploads\/2015\/06\/ficino-LOGO-DARK-100-21x24.png 21w, http:\/\/ficinofilms.com\/3000\/my_content\/uploads\/2015\/06\/ficino-LOGO-DARK-100-31x36.png 31w, http:\/\/ficinofilms.com\/3000\/my_content\/uploads\/2015\/06\/ficino-LOGO-DARK-100-42x48.png 42w\" sizes=\"(max-width: 87px) 100vw, 87px\" \/><\/a>[\/et_pb_text][\/et_pb_column][\/et_pb_row][et_pb_row][et_pb_column type=&#8221;1_4&#8243;][et_pb_text admin_label=&#8221;Deluxe Heartbeat Fund&#8221; background_layout=&#8221;light&#8221; text_orientation=&#8221;left&#8221;]<\/p>\n<h1>Deluxe Heartbeat Fund<\/h1>\n<p>[\/et_pb_text][\/et_pb_column][et_pb_column type=&#8221;3_4&#8243;][et_pb_text admin_label=&#8221;Deluxe Heartbeat Fund&#8221; background_layout=&#8221;light&#8221; text_orientation=&#8221;left&#8221; use_border_color=&#8221;off&#8221; border_color=&#8221;#ffffff&#8221; border_style=&#8221;solid&#8221;]<\/p>\n<p>Deluxe Australia propose de participer au financement de la production de films et de projets t\u00e9l\u00e9vis\u00e9s australiens. Nous parrainons et collaborons avec des groupes qui aident \u00e0 promouvoir l\u2019industrie de la t\u00e9l\u00e9vision et du cin\u00e9ma sur le plan mondial. Parmi ces groupes, on retrouve l\u2019Australian Academy of Cinema Television Arts (AACTA), Screen Producers Australia et l\u2019Australian Cinematographers Society, ainsi que des festivals tr\u00e8s appr\u00e9ci\u00e9s, dont le Melbourne International, St Kilda et le Festival du film indien.\u00a0<a href=\"http:\/\/ddpstudios.com.au\/projects\/3000\" target=\"_blank\">http:\/\/ddpstudios.com.au\/projects\/3000<\/a><\/p>\n<p><img loading=\"lazy\" decoding=\"async\" class=\"alignnone wp-image-489 \" src=\"http:\/\/ficinofilms.com\/3000\/my_content\/uploads\/2015\/05\/heartbeat.jpg\" alt=\"heartbeat\" width=\"221\" height=\"81\" \/><\/p>\n<p>[\/et_pb_text][\/et_pb_column][\/et_pb_row][\/et_pb_section][et_pb_section fullwidth=&#8221;off&#8221; specialty=&#8221;off&#8221;][et_pb_row][et_pb_column type=&#8221;4_4&#8243;][et_pb_divider admin_label=&#8221;Divider&#8221; color=&#8221;#ffffff&#8221; show_divider=&#8221;off&#8221; height=&#8221;40px&#8221; \/][\/et_pb_column][\/et_pb_row][\/et_pb_section]<\/p>\n","protected":false},"excerpt":{"rendered":"<p><div class=\"et_pb_row et_pb_row_0 et_pb_row_empty\">\n\t\t\t\t\n\t\t\t\t\n\t\t\t\t\n\t\t\t\t\n\t\t\t\t\n\t\t\t<\/div><div id=\"new-royalslider-4\" class=\"royalSlider new-royalslider-4 rsUni rs-default-template\" style=\"width:100%;height:580px;;\">\n<div class=\"rsContent\">\n  <img decoding=\"async\" class=\"rsImg\" src=\"https:\/\/ficinofilms.com\/3000\/my_content\/uploads\/2015\/05\/3000-271-1024x576.jpg\" alt=\"3000 by Antonis Tsonis Ficino Films - about us\"\/>\n  \n  \n  \n<\/div>\n\n<\/div>\n<div class=\"et_pb_row et_pb_row_1 et_pb_row_empty\">\n\t\t\t\t\n\t\t\t\t\n\t\t\t\t\n\t\t\t\t\n\t\t\t\t\n\t\t\t<\/div><div class=\"et_pb_row et_pb_row_2 et_pb_row_empty\">\n\t\t\t\t\n\t\t\t\t\n\t\t\t\t\n\t\t\t\t\n\t\t\t\t\n\t\t\t<\/div> SYNOPSIS Quand son meilleur ami Ari lui apprend la terrible nouvelle de son cancer, Leon, sans-emploi et pr\u00eat \u00e0 tout pour l\u2019aider, d\u00e9cide de devenir un criminel pour pouvoir lui payer un meilleur traitement. Leon, 22 ans, est bien d\u00e9cid\u00e9 \u00e0 ne pas laisser des difficult\u00e9s financi\u00e8res menacer la vie d\u2019Ari. Avec en [&hellip;]<\/p>\n","protected":false},"author":1,"featured_media":0,"parent":0,"menu_order":0,"comment_status":"open","ping_status":"open","template":"","meta":{"_et_pb_use_builder":"on","_et_pb_old_content":"","_et_gb_content_width":"","footnotes":""},"class_list":["post-879","page","type-page","status-publish","hentry"],"yoast_head":"<!-- This site is optimized with the Yoast SEO plugin v25.5 - https:\/\/yoast.com\/wordpress\/plugins\/seo\/ -->\n<title>qui sommes-nous - 3000 Antonis Tsonis<\/title>\n<meta name=\"description\" content=\"Film: 3000, Director: Antonis Tsonis, Produced: Ficino Films\" \/>\n<meta name=\"robots\" content=\"index, follow, max-snippet:-1, max-image-preview:large, max-video-preview:-1\" \/>\n<link rel=\"canonical\" href=\"http:\/\/ficinofilms.com\/3000\/about-us\/?lang=fr\" \/>\n<meta property=\"og:locale\" content=\"fr_FR\" \/>\n<meta property=\"og:type\" content=\"article\" \/>\n<meta property=\"og:title\" content=\"qui sommes-nous - 3000 Antonis Tsonis\" \/>\n<meta property=\"og:description\" content=\"Film: 3000, Director: Antonis Tsonis, Produced: Ficino Films\" \/>\n<meta property=\"og:url\" content=\"http:\/\/ficinofilms.com\/3000\/about-us\/?lang=fr\" \/>\n<meta property=\"og:site_name\" content=\"3000 Antonis Tsonis\" \/>\n<meta property=\"article:modified_time\" content=\"2015-06-19T13:39:17+00:00\" \/>\n<meta property=\"og:image\" content=\"http:\/\/ficinofilms.com\/3000\/my_content\/uploads\/2015\/06\/ficino-LOGO-DARK-100.png\" \/>\n<meta name=\"twitter:card\" content=\"summary_large_image\" \/>\n<meta name=\"twitter:label1\" content=\"Dur\u00e9e de lecture estim\u00e9e\" \/>\n\t<meta name=\"twitter:data1\" content=\"7 minutes\" \/>\n<script type=\"application\/ld+json\" class=\"yoast-schema-graph\">{\"@context\":\"https:\/\/schema.org\",\"@graph\":[{\"@type\":\"WebPage\",\"@id\":\"http:\/\/ficinofilms.com\/3000\/about-us\/?lang=fr\",\"url\":\"http:\/\/ficinofilms.com\/3000\/about-us\/?lang=fr\",\"name\":\"qui sommes-nous - 3000 Antonis Tsonis\",\"isPartOf\":{\"@id\":\"http:\/\/ficinofilms.com\/3000\/?lang=fr\/#website\"},\"primaryImageOfPage\":{\"@id\":\"http:\/\/ficinofilms.com\/3000\/about-us\/?lang=fr#primaryimage\"},\"image\":{\"@id\":\"http:\/\/ficinofilms.com\/3000\/about-us\/?lang=fr#primaryimage\"},\"thumbnailUrl\":\"http:\/\/ficinofilms.com\/3000\/my_content\/uploads\/2015\/06\/ficino-LOGO-DARK-100.png\",\"datePublished\":\"2015-05-24T07:31:20+00:00\",\"dateModified\":\"2015-06-19T13:39:17+00:00\",\"description\":\"Film: 3000, Director: Antonis Tsonis, Produced: Ficino Films\",\"breadcrumb\":{\"@id\":\"http:\/\/ficinofilms.com\/3000\/about-us\/?lang=fr#breadcrumb\"},\"inLanguage\":\"fr-FR\",\"potentialAction\":[{\"@type\":\"ReadAction\",\"target\":[\"http:\/\/ficinofilms.com\/3000\/about-us\/?lang=fr\"]}]},{\"@type\":\"ImageObject\",\"inLanguage\":\"fr-FR\",\"@id\":\"http:\/\/ficinofilms.com\/3000\/about-us\/?lang=fr#primaryimage\",\"url\":\"http:\/\/ficinofilms.com\/3000\/my_content\/uploads\/2015\/06\/ficino-LOGO-DARK-100.png\",\"contentUrl\":\"http:\/\/ficinofilms.com\/3000\/my_content\/uploads\/2015\/06\/ficino-LOGO-DARK-100.png\",\"width\":87,\"height\":100,\"caption\":\"ficino films logo\"},{\"@type\":\"BreadcrumbList\",\"@id\":\"http:\/\/ficinofilms.com\/3000\/about-us\/?lang=fr#breadcrumb\",\"itemListElement\":[{\"@type\":\"ListItem\",\"position\":1,\"name\":\"Home\",\"item\":\"http:\/\/ficinofilms.com\/3000\/?lang=fr\"},{\"@type\":\"ListItem\",\"position\":2,\"name\":\"qui sommes-nous\"}]},{\"@type\":\"WebSite\",\"@id\":\"http:\/\/ficinofilms.com\/3000\/?lang=fr\/#website\",\"url\":\"http:\/\/ficinofilms.com\/3000\/?lang=fr\/\",\"name\":\"3000 Antonis Tsonis\",\"description\":\"3000 Antonis Tsonis Ficino Films\",\"potentialAction\":[{\"@type\":\"SearchAction\",\"target\":{\"@type\":\"EntryPoint\",\"urlTemplate\":\"http:\/\/ficinofilms.com\/3000\/?lang=fr\/?s={search_term_string}\"},\"query-input\":{\"@type\":\"PropertyValueSpecification\",\"valueRequired\":true,\"valueName\":\"search_term_string\"}}],\"inLanguage\":\"fr-FR\"}]}<\/script>\n<!-- \/ Yoast SEO plugin. -->","yoast_head_json":{"title":"qui sommes-nous - 3000 Antonis Tsonis","description":"Film: 3000, Director: Antonis Tsonis, Produced: Ficino Films","robots":{"index":"index","follow":"follow","max-snippet":"max-snippet:-1","max-image-preview":"max-image-preview:large","max-video-preview":"max-video-preview:-1"},"canonical":"http:\/\/ficinofilms.com\/3000\/about-us\/?lang=fr","og_locale":"fr_FR","og_type":"article","og_title":"qui sommes-nous - 3000 Antonis Tsonis","og_description":"Film: 3000, Director: Antonis Tsonis, Produced: Ficino Films","og_url":"http:\/\/ficinofilms.com\/3000\/about-us\/?lang=fr","og_site_name":"3000 Antonis Tsonis","article_modified_time":"2015-06-19T13:39:17+00:00","og_image":[{"url":"http:\/\/ficinofilms.com\/3000\/my_content\/uploads\/2015\/06\/ficino-LOGO-DARK-100.png","type":"","width":"","height":""}],"twitter_card":"summary_large_image","twitter_misc":{"Dur\u00e9e de lecture estim\u00e9e":"7 minutes"},"schema":{"@context":"https:\/\/schema.org","@graph":[{"@type":"WebPage","@id":"http:\/\/ficinofilms.com\/3000\/about-us\/?lang=fr","url":"http:\/\/ficinofilms.com\/3000\/about-us\/?lang=fr","name":"qui sommes-nous - 3000 Antonis Tsonis","isPartOf":{"@id":"http:\/\/ficinofilms.com\/3000\/?lang=fr\/#website"},"primaryImageOfPage":{"@id":"http:\/\/ficinofilms.com\/3000\/about-us\/?lang=fr#primaryimage"},"image":{"@id":"http:\/\/ficinofilms.com\/3000\/about-us\/?lang=fr#primaryimage"},"thumbnailUrl":"http:\/\/ficinofilms.com\/3000\/my_content\/uploads\/2015\/06\/ficino-LOGO-DARK-100.png","datePublished":"2015-05-24T07:31:20+00:00","dateModified":"2015-06-19T13:39:17+00:00","description":"Film: 3000, Director: Antonis Tsonis, Produced: Ficino Films","breadcrumb":{"@id":"http:\/\/ficinofilms.com\/3000\/about-us\/?lang=fr#breadcrumb"},"inLanguage":"fr-FR","potentialAction":[{"@type":"ReadAction","target":["http:\/\/ficinofilms.com\/3000\/about-us\/?lang=fr"]}]},{"@type":"ImageObject","inLanguage":"fr-FR","@id":"http:\/\/ficinofilms.com\/3000\/about-us\/?lang=fr#primaryimage","url":"http:\/\/ficinofilms.com\/3000\/my_content\/uploads\/2015\/06\/ficino-LOGO-DARK-100.png","contentUrl":"http:\/\/ficinofilms.com\/3000\/my_content\/uploads\/2015\/06\/ficino-LOGO-DARK-100.png","width":87,"height":100,"caption":"ficino films logo"},{"@type":"BreadcrumbList","@id":"http:\/\/ficinofilms.com\/3000\/about-us\/?lang=fr#breadcrumb","itemListElement":[{"@type":"ListItem","position":1,"name":"Home","item":"http:\/\/ficinofilms.com\/3000\/?lang=fr"},{"@type":"ListItem","position":2,"name":"qui sommes-nous"}]},{"@type":"WebSite","@id":"http:\/\/ficinofilms.com\/3000\/?lang=fr\/#website","url":"http:\/\/ficinofilms.com\/3000\/?lang=fr\/","name":"3000 Antonis Tsonis","description":"3000 Antonis Tsonis Ficino Films","potentialAction":[{"@type":"SearchAction","target":{"@type":"EntryPoint","urlTemplate":"http:\/\/ficinofilms.com\/3000\/?lang=fr\/?s={search_term_string}"},"query-input":{"@type":"PropertyValueSpecification","valueRequired":true,"valueName":"search_term_string"}}],"inLanguage":"fr-FR"}]}},"_links":{"self":[{"href":"http:\/\/ficinofilms.com\/3000\/wp-json\/wp\/v2\/pages\/879\/?lang=fr"}],"collection":[{"href":"http:\/\/ficinofilms.com\/3000\/wp-json\/wp\/v2\/pages\/?lang=fr"}],"about":[{"href":"http:\/\/ficinofilms.com\/3000\/wp-json\/wp\/v2\/types\/page\/?lang=fr"}],"author":[{"embeddable":true,"href":"http:\/\/ficinofilms.com\/3000\/wp-json\/wp\/v2\/users\/1\/?lang=fr"}],"replies":[{"embeddable":true,"href":"http:\/\/ficinofilms.com\/3000\/wp-json\/wp\/v2\/comments\/?lang=fr&post=879"}],"version-history":[{"count":17,"href":"http:\/\/ficinofilms.com\/3000\/wp-json\/wp\/v2\/pages\/879\/revisions\/?lang=fr"}],"predecessor-version":[{"id":1204,"href":"http:\/\/ficinofilms.com\/3000\/wp-json\/wp\/v2\/pages\/879\/revisions\/1204\/?lang=fr"}],"wp:attachment":[{"href":"http:\/\/ficinofilms.com\/3000\/wp-json\/wp\/v2\/media\/?lang=fr&parent=879"}],"curies":[{"name":"wp","href":"https:\/\/api.w.org\/{rel}","templated":true}]}}