{"id":1017,"date":"2015-05-24T07:32:17","date_gmt":"2015-05-24T07:32:17","guid":{"rendered":"http:\/\/ficinofilms.com\/3000\/music-2\/"},"modified":"2016-09-06T20:55:33","modified_gmt":"2016-09-06T10:55:33","slug":"music","status":"publish","type":"page","link":"http:\/\/ficinofilms.com\/3000\/music\/?lang=es","title":{"rendered":"m\u00fasica"},"content":{"rendered":"<p>[et_pb_section admin_label=&#8221;section&#8221; fullwidth=&#8221;off&#8221; specialty=&#8221;off&#8221; transparent_background=&#8221;off&#8221; background_color=&#8221;#ffffff&#8221; allow_player_pause=&#8221;off&#8221; inner_shadow=&#8221;off&#8221; parallax=&#8221;off&#8221; parallax_method=&#8221;off&#8221; module_class=&#8221;full_width&#8221;][et_pb_row admin_label=&#8221;row&#8221;][et_pb_column type=&#8221;4_4&#8243;][et_pb_text admin_label=&#8221;Text&#8221; background_layout=&#8221;light&#8221; text_orientation=&#8221;left&#8221; module_class=&#8221;custom&#8221;]<\/p>\n<div id=\"new-royalslider-7\" class=\"royalSlider new-royalslider-7 rsUni rs-default-template\" style=\"width:100%;height:580px;;\">\n<div class=\"rsContent\">\n  <img decoding=\"async\" class=\"rsImg\" src=\"http:\/\/ficinofilms.com\/3000\/my_content\/uploads\/2015\/05\/3000-44-1024x576.jpg\" alt=\"3000 by Antonis Tsonis Ficino Films - music\"\/>\n  \n  \n  \n<\/div>\n\n<\/div>\n\n<p>[\/et_pb_text][\/et_pb_column][\/et_pb_row][\/et_pb_section][et_pb_section admin_label=&#8221;section&#8221; fullwidth=&#8221;on&#8221; specialty=&#8221;off&#8221; transparent_background=&#8221;off&#8221; background_color=&#8221;#ffffff&#8221; allow_player_pause=&#8221;off&#8221; inner_shadow=&#8221;off&#8221; parallax=&#8221;off&#8221; parallax_method=&#8221;off&#8221; module_class=&#8221;special&#8221;][et_pb_fullwidth_menu admin_label=&#8221;Fullwidth Menu&#8221; menu_id=&#8221;3&#8243; background_color=&#8221;#ffffff&#8221; background_layout=&#8221;light&#8221; text_orientation=&#8221;center&#8221; submenu_direction=&#8221;downwards&#8221; module_class=&#8221;menus&#8221;]<\/p>\n<p>[\/et_pb_fullwidth_menu][\/et_pb_section][et_pb_section admin_label=&#8221;section&#8221; fullwidth=&#8221;off&#8221; specialty=&#8221;off&#8221;][et_pb_row admin_label=&#8221;row&#8221;][et_pb_column type=&#8221;4_4&#8243;][et_pb_divider admin_label=&#8221;Divider&#8221; color=&#8221;#777777&#8243; show_divider=&#8221;on&#8221; height=&#8221;4px&#8221;]<\/p>\n<p>[\/et_pb_divider][\/et_pb_column][\/et_pb_row][et_pb_row admin_label=&#8221;row&#8221;][et_pb_column type=&#8221;4_4&#8243;][et_pb_text admin_label=&#8221;Text&#8221; background_layout=&#8221;light&#8221; text_orientation=&#8221;left&#8221; use_border_color=&#8221;off&#8221; border_color=&#8221;#ffffff&#8221; border_style=&#8221;solid&#8221;]<\/p>\n<p><img loading=\"lazy\" decoding=\"async\" class=\"img-padding alignleft wp-image-545 size-full\" src=\"http:\/\/ficinofilms.com\/3000\/my_content\/uploads\/2015\/05\/Manuel-De-Sica.jpg\" alt=\"Manuel-De-Sica\" width=\"214\" height=\"317\"><\/p>\n<h2>Banda sonora de Manuel De Sica (1949-2014)<\/h2>\n<p>Manuel De Sica naci\u00f3 en Roma el 24 de febrero de 1949. Asisti\u00f3 a clases de solfeo en la Academia de M\u00fasica S. Cecilia y estudi\u00f3 con Bruno Maderna.<\/p>\n<p>Su m\u00fasica ha sido interpretada por artistas de la talla de Salvatore Accardo, Enrico Dindo y el Ensemble Wien\u2013Berlin, y Ella Fitzgerald, Tony Bennett y Dee Dee Bridgewater han cantado sus canciones.<\/p>\n<p>Compositor tanto de m\u00fasica de c\u00e1mara como sinf\u00f3nica, el p\u00fablico en general lo conoce por las m\u00e1s de cien bandas sonoras que compuso para el cine y la televisi\u00f3n desde 1969.<\/p>\n<p>Fue profesor de M\u00fasica Aplicada para la asociaci\u00f3n cultural FormArte en diversos institutos y centros de formaci\u00f3n, as\u00ed como presidente de la Asociaci\u00f3n de Amigos de Vittorio De Sica para la restauraci\u00f3n de la obra de su padre.<\/p>\n<p>Fue candidato a un \u00d3scar en 1971 por la banda sonora de El jard\u00edn de los Finzi Contini, dirigida por su padre, Vittorio De Sica.<span style=\"text-align: right;\"><\/p>\n<p>[\/et_pb_text][\/et_pb_column][\/et_pb_row][\/et_pb_section][et_pb_section admin_label=&#8221;section&#8221;][et_pb_row admin_label=&#8221;row&#8221;][et_pb_column type=&#8221;4_4&#8243;][et_pb_divider admin_label=&#8221;Divider 40px&#8221; color=&#8221;#ffffff&#8221; show_divider=&#8221;off&#8221; height=&#8221;40px&#8221;]<\/p>\n<p>[\/et_pb_divider][\/et_pb_column][\/et_pb_row][\/et_pb_section]<\/p>\n","protected":false},"excerpt":{"rendered":"<p><div id=\"new-royalslider-7\" class=\"royalSlider new-royalslider-7 rsUni rs-default-template\" style=\"width:100%;height:580px;;\">\n<div class=\"rsContent\">\n  <img decoding=\"async\" class=\"rsImg\" src=\"http:\/\/ficinofilms.com\/3000\/my_content\/uploads\/2015\/05\/3000-44-1024x576.jpg\" alt=\"3000 by Antonis Tsonis Ficino Films - music\"\/>\n  \n  \n  \n<\/div>\n\n<\/div>\n Banda sonora de Manuel De Sica (1949-2014) Manuel De Sica naci\u00f3 en Roma el 24 de febrero de 1949. Asisti\u00f3 a clases de solfeo en la Academia de M\u00fasica S. Cecilia y estudi\u00f3 con Bruno Maderna. Su m\u00fasica ha sido interpretada por artistas de la talla de Salvatore Accardo, Enrico Dindo y el [&hellip;]<\/p>\n","protected":false},"author":1,"featured_media":0,"parent":0,"menu_order":0,"comment_status":"open","ping_status":"open","template":"","meta":{"_et_pb_use_builder":"on","_et_pb_old_content":"","_et_gb_content_width":"","footnotes":""},"class_list":["post-1017","page","type-page","status-publish","hentry"],"yoast_head":"<!-- This site is optimized with the Yoast SEO plugin v25.5 - https:\/\/yoast.com\/wordpress\/plugins\/seo\/ -->\n<title>m\u00fasica - 3000 Antonis Tsonis<\/title>\n<meta name=\"description\" content=\"Film: 3000, Director: Antonis Tsonis, Produced: Ficino Films\" \/>\n<meta name=\"robots\" content=\"index, follow, max-snippet:-1, max-image-preview:large, max-video-preview:-1\" \/>\n<link rel=\"canonical\" href=\"https:\/\/ficinofilms.com\/3000\/music\/?lang=es\" \/>\n<meta property=\"og:locale\" content=\"es_ES\" \/>\n<meta property=\"og:type\" content=\"article\" \/>\n<meta property=\"og:title\" content=\"m\u00fasica - 3000 Antonis Tsonis\" \/>\n<meta property=\"og:description\" content=\"Film: 3000, Director: Antonis Tsonis, Produced: Ficino Films\" \/>\n<meta property=\"og:url\" content=\"https:\/\/ficinofilms.com\/3000\/music\/?lang=es\" \/>\n<meta property=\"og:site_name\" content=\"3000 Antonis Tsonis\" \/>\n<meta property=\"article:modified_time\" content=\"2016-09-06T10:55:33+00:00\" \/>\n<meta property=\"og:image\" content=\"http:\/\/ficinofilms.com\/3000\/my_content\/uploads\/2015\/05\/Manuel-De-Sica.jpg\" \/>\n<meta name=\"twitter:card\" content=\"summary_large_image\" \/>\n<meta name=\"twitter:label1\" content=\"Tiempo de lectura\" \/>\n\t<meta name=\"twitter:data1\" content=\"2 minutos\" \/>\n<script type=\"application\/ld+json\" class=\"yoast-schema-graph\">{\"@context\":\"https:\/\/schema.org\",\"@graph\":[{\"@type\":\"WebPage\",\"@id\":\"https:\/\/ficinofilms.com\/3000\/music\/?lang=es\",\"url\":\"https:\/\/ficinofilms.com\/3000\/music\/?lang=es\",\"name\":\"m\u00fasica - 3000 Antonis Tsonis\",\"isPartOf\":{\"@id\":\"http:\/\/ficinofilms.com\/3000\/?lang=fr\/#website\"},\"primaryImageOfPage\":{\"@id\":\"https:\/\/ficinofilms.com\/3000\/music\/?lang=es#primaryimage\"},\"image\":{\"@id\":\"https:\/\/ficinofilms.com\/3000\/music\/?lang=es#primaryimage\"},\"thumbnailUrl\":\"http:\/\/ficinofilms.com\/3000\/my_content\/uploads\/2015\/05\/Manuel-De-Sica.jpg\",\"datePublished\":\"2015-05-24T07:32:17+00:00\",\"dateModified\":\"2016-09-06T10:55:33+00:00\",\"description\":\"Film: 3000, Director: Antonis Tsonis, Produced: Ficino Films\",\"breadcrumb\":{\"@id\":\"https:\/\/ficinofilms.com\/3000\/music\/?lang=es#breadcrumb\"},\"inLanguage\":\"es\",\"potentialAction\":[{\"@type\":\"ReadAction\",\"target\":[\"https:\/\/ficinofilms.com\/3000\/music\/?lang=es\"]}]},{\"@type\":\"ImageObject\",\"inLanguage\":\"es\",\"@id\":\"https:\/\/ficinofilms.com\/3000\/music\/?lang=es#primaryimage\",\"url\":\"\",\"contentUrl\":\"\"},{\"@type\":\"BreadcrumbList\",\"@id\":\"https:\/\/ficinofilms.com\/3000\/music\/?lang=es#breadcrumb\",\"itemListElement\":[{\"@type\":\"ListItem\",\"position\":1,\"name\":\"Home\",\"item\":\"http:\/\/ficinofilms.com\/3000\/?lang=es\"},{\"@type\":\"ListItem\",\"position\":2,\"name\":\"m\u00fasica\"}]},{\"@type\":\"WebSite\",\"@id\":\"http:\/\/ficinofilms.com\/3000\/?lang=fr\/#website\",\"url\":\"http:\/\/ficinofilms.com\/3000\/?lang=fr\/\",\"name\":\"3000 Antonis Tsonis\",\"description\":\"3000 Antonis Tsonis Ficino Films\",\"potentialAction\":[{\"@type\":\"SearchAction\",\"target\":{\"@type\":\"EntryPoint\",\"urlTemplate\":\"http:\/\/ficinofilms.com\/3000\/?lang=fr\/?s={search_term_string}\"},\"query-input\":{\"@type\":\"PropertyValueSpecification\",\"valueRequired\":true,\"valueName\":\"search_term_string\"}}],\"inLanguage\":\"es\"}]}<\/script>\n<!-- \/ Yoast SEO plugin. -->","yoast_head_json":{"title":"m\u00fasica - 3000 Antonis Tsonis","description":"Film: 3000, Director: Antonis Tsonis, Produced: Ficino Films","robots":{"index":"index","follow":"follow","max-snippet":"max-snippet:-1","max-image-preview":"max-image-preview:large","max-video-preview":"max-video-preview:-1"},"canonical":"https:\/\/ficinofilms.com\/3000\/music\/?lang=es","og_locale":"es_ES","og_type":"article","og_title":"m\u00fasica - 3000 Antonis Tsonis","og_description":"Film: 3000, Director: Antonis Tsonis, Produced: Ficino Films","og_url":"https:\/\/ficinofilms.com\/3000\/music\/?lang=es","og_site_name":"3000 Antonis Tsonis","article_modified_time":"2016-09-06T10:55:33+00:00","og_image":[{"url":"http:\/\/ficinofilms.com\/3000\/my_content\/uploads\/2015\/05\/Manuel-De-Sica.jpg","type":"","width":"","height":""}],"twitter_card":"summary_large_image","twitter_misc":{"Tiempo de lectura":"2 minutos"},"schema":{"@context":"https:\/\/schema.org","@graph":[{"@type":"WebPage","@id":"https:\/\/ficinofilms.com\/3000\/music\/?lang=es","url":"https:\/\/ficinofilms.com\/3000\/music\/?lang=es","name":"m\u00fasica - 3000 Antonis Tsonis","isPartOf":{"@id":"http:\/\/ficinofilms.com\/3000\/?lang=fr\/#website"},"primaryImageOfPage":{"@id":"https:\/\/ficinofilms.com\/3000\/music\/?lang=es#primaryimage"},"image":{"@id":"https:\/\/ficinofilms.com\/3000\/music\/?lang=es#primaryimage"},"thumbnailUrl":"http:\/\/ficinofilms.com\/3000\/my_content\/uploads\/2015\/05\/Manuel-De-Sica.jpg","datePublished":"2015-05-24T07:32:17+00:00","dateModified":"2016-09-06T10:55:33+00:00","description":"Film: 3000, Director: Antonis Tsonis, Produced: Ficino Films","breadcrumb":{"@id":"https:\/\/ficinofilms.com\/3000\/music\/?lang=es#breadcrumb"},"inLanguage":"es","potentialAction":[{"@type":"ReadAction","target":["https:\/\/ficinofilms.com\/3000\/music\/?lang=es"]}]},{"@type":"ImageObject","inLanguage":"es","@id":"https:\/\/ficinofilms.com\/3000\/music\/?lang=es#primaryimage","url":"","contentUrl":""},{"@type":"BreadcrumbList","@id":"https:\/\/ficinofilms.com\/3000\/music\/?lang=es#breadcrumb","itemListElement":[{"@type":"ListItem","position":1,"name":"Home","item":"http:\/\/ficinofilms.com\/3000\/?lang=es"},{"@type":"ListItem","position":2,"name":"m\u00fasica"}]},{"@type":"WebSite","@id":"http:\/\/ficinofilms.com\/3000\/?lang=fr\/#website","url":"http:\/\/ficinofilms.com\/3000\/?lang=fr\/","name":"3000 Antonis Tsonis","description":"3000 Antonis Tsonis Ficino Films","potentialAction":[{"@type":"SearchAction","target":{"@type":"EntryPoint","urlTemplate":"http:\/\/ficinofilms.com\/3000\/?lang=fr\/?s={search_term_string}"},"query-input":{"@type":"PropertyValueSpecification","valueRequired":true,"valueName":"search_term_string"}}],"inLanguage":"es"}]}},"_links":{"self":[{"href":"http:\/\/ficinofilms.com\/3000\/wp-json\/wp\/v2\/pages\/1017\/?lang=es"}],"collection":[{"href":"http:\/\/ficinofilms.com\/3000\/wp-json\/wp\/v2\/pages\/?lang=es"}],"about":[{"href":"http:\/\/ficinofilms.com\/3000\/wp-json\/wp\/v2\/types\/page\/?lang=es"}],"author":[{"embeddable":true,"href":"http:\/\/ficinofilms.com\/3000\/wp-json\/wp\/v2\/users\/1\/?lang=es"}],"replies":[{"embeddable":true,"href":"http:\/\/ficinofilms.com\/3000\/wp-json\/wp\/v2\/comments\/?lang=es&post=1017"}],"version-history":[{"count":3,"href":"http:\/\/ficinofilms.com\/3000\/wp-json\/wp\/v2\/pages\/1017\/revisions\/?lang=es"}],"predecessor-version":[{"id":2018,"href":"http:\/\/ficinofilms.com\/3000\/wp-json\/wp\/v2\/pages\/1017\/revisions\/2018\/?lang=es"}],"wp:attachment":[{"href":"http:\/\/ficinofilms.com\/3000\/wp-json\/wp\/v2\/media\/?lang=es&parent=1017"}],"curies":[{"name":"wp","href":"https:\/\/api.w.org\/{rel}","templated":true}]}}