{"id":1006,"date":"2015-05-24T07:33:27","date_gmt":"2015-05-24T07:33:27","guid":{"rendered":"http:\/\/ficinofilms.com\/3000\/on-3000-2\/"},"modified":"2015-06-17T11:11:18","modified_gmt":"2015-06-17T11:11:18","slug":"on-3000","status":"publish","type":"page","link":"http:\/\/ficinofilms.com\/3000\/on-3000\/?lang=es","title":{"rendered":"acerca de 3000"},"content":{"rendered":"<p>[et_pb_section fullwidth=&#8221;off&#8221; specialty=&#8221;off&#8221; transparent_background=&#8221;off&#8221; background_color=&#8221;#ffffff&#8221; allow_player_pause=&#8221;off&#8221; inner_shadow=&#8221;off&#8221; parallax=&#8221;off&#8221; parallax_method=&#8221;off&#8221; module_class=&#8221;full_width&#8221;][et_pb_row][et_pb_column type=&#8221;4_4&#8243;][et_pb_text admin_label=&#8221;slider 8&#8243; background_layout=&#8221;light&#8221; text_orientation=&#8221;left&#8221; module_class=&#8221;custom&#8221;]<div id=\"new-royalslider-8\" class=\"royalSlider new-royalslider-8 rsUni rs-default-template\" style=\"width:100%;height:580px;;\">\n<div class=\"rsContent\">\n  <img decoding=\"async\" class=\"rsImg\" src=\"http:\/\/ficinofilms.com\/3000\/my_content\/uploads\/2015\/05\/3000-06-1024x576.jpg\" alt=\"3000 by Antonis Tsonis Ficino Films - on 3000\"\/>\n  \n  \n  \n<\/div>\n\n<\/div>\n[\/et_pb_text][\/et_pb_column][\/et_pb_row][\/et_pb_section][et_pb_section fullwidth=&#8221;on&#8221; specialty=&#8221;off&#8221; transparent_background=&#8221;off&#8221; background_color=&#8221;#ffffff&#8221; allow_player_pause=&#8221;off&#8221; inner_shadow=&#8221;off&#8221; parallax=&#8221;off&#8221; parallax_method=&#8221;off&#8221; module_class=&#8221;special&#8221;][et_pb_fullwidth_menu admin_label=&#8221;Fullwidth Menu&#8221; menu_id=&#8221;3&#8243; background_color=&#8221;#ffffff&#8221; background_layout=&#8221;light&#8221; text_orientation=&#8221;center&#8221; submenu_direction=&#8221;downwards&#8221; module_class=&#8221;menus&#8221; \/][\/et_pb_section][et_pb_section fullwidth=&#8221;off&#8221; specialty=&#8221;off&#8221;][et_pb_row][et_pb_column type=&#8221;4_4&#8243;][et_pb_divider admin_label=&#8221;Divider&#8221; color=&#8221;#777777&#8243; show_divider=&#8221;on&#8221; height=&#8221;4px&#8221; \/][\/et_pb_column][\/et_pb_row][\/et_pb_section][et_pb_section fullwidth=&#8221;off&#8221; specialty=&#8221;off&#8221; transparent_background=&#8221;off&#8221; background_color=&#8221;#ffffff&#8221; allow_player_pause=&#8221;off&#8221; inner_shadow=&#8221;off&#8221; parallax=&#8221;off&#8221; parallax_method=&#8221;off&#8221;][et_pb_row][et_pb_column type=&#8221;1_4&#8243;][et_pb_text admin_label=&#8221;Text&#8221; background_layout=&#8221;light&#8221; text_orientation=&#8221;left&#8221;]<\/p>\n<h1>UNAS PALABRAS DEL DIRECTOR<\/h1>\n<p>[\/et_pb_text][\/et_pb_column][et_pb_column type=&#8221;3_4&#8243;][et_pb_text admin_label=&#8221;Text&#8221; background_layout=&#8221;light&#8221; text_orientation=&#8221;left&#8221;]En 3000 quiero mostrar la Atenas contempor\u00e1nea, donde el mundo ha posado su mirada. Atenas est\u00e1 siendo llevada al l\u00edmite, a una zona cero que nos exige recapacitar sobre los juicios que emitimos sobre personas corrientes que se ven en apuros.<\/p>\n<p>Al tratar de salvar la vida de su mejor amigo Ari, cuya familia ya no puede costear su tratamiento contra el c\u00e1ncer, Leon no duda en adoptar una nueva identidad: la del delincuente inocente, que en el fondo es imposible. Leon se involucra en el dilema de Ari debido a una secuencia de \u201cerrores&#8221; sin culpables y generados por motivos altruistas. Para comprender la decisi\u00f3n de Leon debemos tener presente la imagen de la cama de hospital en el sal\u00f3n de Ari.<\/p>\n<p>El otro tema esencial del filme es el sonido de los ni\u00f1os; es el eco de la infancia en la que Leon y Ari, dos amigos que se enfrentan a una devastaci\u00f3n ineludible, a\u00fan se oyen jugar. Ese es el impoluto origen del amor de Leon hacia Ari. Pero Leon tambi\u00e9n est\u00e1 enamorado de Daphne, la hermana peque\u00f1a de Ari, y no est\u00e1 preparado para hablarle de su relaci\u00f3n. En cambio, Leon deber\u00e1 aceptar que debe reprimir su sentimiento de culpa para que su amor perdure y, a la vez, salvarle la vida a su mejor amigo.<\/p>\n<p>Con el tel\u00f3n de fondo de la monocrom\u00e1tica y triste belleza de una Atenas dejada de la mano de Dios, la imposible moralidad de Leon tendr\u00e1 consecuencias tr\u00e1gicas.<\/p>\n<p>En mi opini\u00f3n, lo mejor de 3000 es que nos obliga a situarnos frente a frente con la juventud de Atenas. Quer\u00eda insuflar vida a 3000, como reflejo de mi impagable deuda personal con Atenas, ciudad que amo y que me vio nacer.<\/p>\n<p class=\"p1\">Antonis Tsonis<\/p>\n<p>[\/et_pb_text][\/et_pb_column][\/et_pb_row][\/et_pb_section][et_pb_section][et_pb_row][et_pb_column type=&#8221;4_4&#8243;][et_pb_divider admin_label=&#8221;Divider 40px&#8221; color=&#8221;#ffffff&#8221; show_divider=&#8221;off&#8221; height=&#8221;40px&#8221; \/][\/et_pb_column][\/et_pb_row][\/et_pb_section]<\/p>\n","protected":false},"excerpt":{"rendered":"<p><div class=\"et_pb_row et_pb_row_0 et_pb_row_empty\">\n\t\t\t\t\n\t\t\t\t\n\t\t\t\t\n\t\t\t\t\n\t\t\t\t\n\t\t\t<\/div><div id=\"new-royalslider-8\" class=\"royalSlider new-royalslider-8 rsUni rs-default-template\" style=\"width:100%;height:580px;;\">\n<div class=\"rsContent\">\n  <img decoding=\"async\" class=\"rsImg\" src=\"http:\/\/ficinofilms.com\/3000\/my_content\/uploads\/2015\/05\/3000-06-1024x576.jpg\" alt=\"3000 by Antonis Tsonis Ficino Films - on 3000\"\/>\n  \n  \n  \n<\/div>\n\n<\/div>\n<div class=\"et_pb_row et_pb_row_1 et_pb_row_empty\">\n\t\t\t\t\n\t\t\t\t\n\t\t\t\t\n\t\t\t\t\n\t\t\t\t\n\t\t\t<\/div><div class=\"et_pb_row et_pb_row_2 et_pb_row_empty\">\n\t\t\t\t\n\t\t\t\t\n\t\t\t\t\n\t\t\t\t\n\t\t\t\t\n\t\t\t<\/div>UNAS PALABRAS DEL DIRECTOREn 3000 quiero mostrar la Atenas contempor\u00e1nea, donde el mundo ha posado su mirada. Atenas est\u00e1 siendo llevada al l\u00edmite, a una zona cero que nos exige recapacitar sobre los juicios que emitimos sobre personas corrientes que se ven en apuros. Al tratar de salvar la vida de su mejor amigo [&hellip;]<\/p>\n","protected":false},"author":1,"featured_media":0,"parent":0,"menu_order":0,"comment_status":"open","ping_status":"open","template":"","meta":{"_et_pb_use_builder":"on","_et_pb_old_content":"","_et_gb_content_width":"","footnotes":""},"class_list":["post-1006","page","type-page","status-publish","hentry"],"yoast_head":"<!-- This site is optimized with the Yoast SEO plugin v25.5 - https:\/\/yoast.com\/wordpress\/plugins\/seo\/ -->\n<title>acerca de 3000 - 3000 Antonis Tsonis<\/title>\n<meta name=\"description\" content=\"Film: 3000, Director: Antonis Tsonis, Produced: Ficino Films\" \/>\n<meta name=\"robots\" content=\"index, follow, max-snippet:-1, max-image-preview:large, max-video-preview:-1\" \/>\n<link rel=\"canonical\" href=\"https:\/\/ficinofilms.com\/3000\/on-3000\/?lang=es\" \/>\n<meta property=\"og:locale\" content=\"es_ES\" \/>\n<meta property=\"og:type\" content=\"article\" \/>\n<meta property=\"og:title\" content=\"acerca de 3000 - 3000 Antonis Tsonis\" \/>\n<meta property=\"og:description\" content=\"Film: 3000, Director: Antonis Tsonis, Produced: Ficino Films\" \/>\n<meta property=\"og:url\" content=\"https:\/\/ficinofilms.com\/3000\/on-3000\/?lang=es\" \/>\n<meta property=\"og:site_name\" content=\"3000 Antonis Tsonis\" \/>\n<meta property=\"article:modified_time\" content=\"2015-06-17T11:11:18+00:00\" \/>\n<meta name=\"twitter:card\" content=\"summary_large_image\" \/>\n<meta name=\"twitter:label1\" content=\"Tiempo de lectura\" \/>\n\t<meta name=\"twitter:data1\" content=\"3 minutos\" \/>\n<script type=\"application\/ld+json\" class=\"yoast-schema-graph\">{\"@context\":\"https:\/\/schema.org\",\"@graph\":[{\"@type\":\"WebPage\",\"@id\":\"https:\/\/ficinofilms.com\/3000\/on-3000\/?lang=es\",\"url\":\"https:\/\/ficinofilms.com\/3000\/on-3000\/?lang=es\",\"name\":\"acerca de 3000 - 3000 Antonis Tsonis\",\"isPartOf\":{\"@id\":\"https:\/\/ficinofilms.com\/3000\/?lang=es\/#website\"},\"datePublished\":\"2015-05-24T07:33:27+00:00\",\"dateModified\":\"2015-06-17T11:11:18+00:00\",\"description\":\"Film: 3000, Director: Antonis Tsonis, Produced: Ficino Films\",\"breadcrumb\":{\"@id\":\"https:\/\/ficinofilms.com\/3000\/on-3000\/?lang=es#breadcrumb\"},\"inLanguage\":\"es\",\"potentialAction\":[{\"@type\":\"ReadAction\",\"target\":[\"https:\/\/ficinofilms.com\/3000\/on-3000\/?lang=es\"]}]},{\"@type\":\"BreadcrumbList\",\"@id\":\"https:\/\/ficinofilms.com\/3000\/on-3000\/?lang=es#breadcrumb\",\"itemListElement\":[{\"@type\":\"ListItem\",\"position\":1,\"name\":\"Home\",\"item\":\"https:\/\/ficinofilms.com\/3000\/?lang=es\"},{\"@type\":\"ListItem\",\"position\":2,\"name\":\"acerca de 3000\"}]},{\"@type\":\"WebSite\",\"@id\":\"https:\/\/ficinofilms.com\/3000\/?lang=es\/#website\",\"url\":\"https:\/\/ficinofilms.com\/3000\/?lang=es\/\",\"name\":\"3000 Antonis Tsonis\",\"description\":\"3000 Antonis Tsonis Ficino Films\",\"potentialAction\":[{\"@type\":\"SearchAction\",\"target\":{\"@type\":\"EntryPoint\",\"urlTemplate\":\"https:\/\/ficinofilms.com\/3000\/?lang=es\/?s={search_term_string}\"},\"query-input\":{\"@type\":\"PropertyValueSpecification\",\"valueRequired\":true,\"valueName\":\"search_term_string\"}}],\"inLanguage\":\"es\"}]}<\/script>\n<!-- \/ Yoast SEO plugin. -->","yoast_head_json":{"title":"acerca de 3000 - 3000 Antonis Tsonis","description":"Film: 3000, Director: Antonis Tsonis, Produced: Ficino Films","robots":{"index":"index","follow":"follow","max-snippet":"max-snippet:-1","max-image-preview":"max-image-preview:large","max-video-preview":"max-video-preview:-1"},"canonical":"https:\/\/ficinofilms.com\/3000\/on-3000\/?lang=es","og_locale":"es_ES","og_type":"article","og_title":"acerca de 3000 - 3000 Antonis Tsonis","og_description":"Film: 3000, Director: Antonis Tsonis, Produced: Ficino Films","og_url":"https:\/\/ficinofilms.com\/3000\/on-3000\/?lang=es","og_site_name":"3000 Antonis Tsonis","article_modified_time":"2015-06-17T11:11:18+00:00","twitter_card":"summary_large_image","twitter_misc":{"Tiempo de lectura":"3 minutos"},"schema":{"@context":"https:\/\/schema.org","@graph":[{"@type":"WebPage","@id":"https:\/\/ficinofilms.com\/3000\/on-3000\/?lang=es","url":"https:\/\/ficinofilms.com\/3000\/on-3000\/?lang=es","name":"acerca de 3000 - 3000 Antonis Tsonis","isPartOf":{"@id":"https:\/\/ficinofilms.com\/3000\/?lang=es\/#website"},"datePublished":"2015-05-24T07:33:27+00:00","dateModified":"2015-06-17T11:11:18+00:00","description":"Film: 3000, Director: Antonis Tsonis, Produced: Ficino Films","breadcrumb":{"@id":"https:\/\/ficinofilms.com\/3000\/on-3000\/?lang=es#breadcrumb"},"inLanguage":"es","potentialAction":[{"@type":"ReadAction","target":["https:\/\/ficinofilms.com\/3000\/on-3000\/?lang=es"]}]},{"@type":"BreadcrumbList","@id":"https:\/\/ficinofilms.com\/3000\/on-3000\/?lang=es#breadcrumb","itemListElement":[{"@type":"ListItem","position":1,"name":"Home","item":"https:\/\/ficinofilms.com\/3000\/?lang=es"},{"@type":"ListItem","position":2,"name":"acerca de 3000"}]},{"@type":"WebSite","@id":"https:\/\/ficinofilms.com\/3000\/?lang=es\/#website","url":"https:\/\/ficinofilms.com\/3000\/?lang=es\/","name":"3000 Antonis Tsonis","description":"3000 Antonis Tsonis Ficino Films","potentialAction":[{"@type":"SearchAction","target":{"@type":"EntryPoint","urlTemplate":"https:\/\/ficinofilms.com\/3000\/?lang=es\/?s={search_term_string}"},"query-input":{"@type":"PropertyValueSpecification","valueRequired":true,"valueName":"search_term_string"}}],"inLanguage":"es"}]}},"_links":{"self":[{"href":"http:\/\/ficinofilms.com\/3000\/wp-json\/wp\/v2\/pages\/1006\/?lang=es"}],"collection":[{"href":"http:\/\/ficinofilms.com\/3000\/wp-json\/wp\/v2\/pages\/?lang=es"}],"about":[{"href":"http:\/\/ficinofilms.com\/3000\/wp-json\/wp\/v2\/types\/page\/?lang=es"}],"author":[{"embeddable":true,"href":"http:\/\/ficinofilms.com\/3000\/wp-json\/wp\/v2\/users\/1\/?lang=es"}],"replies":[{"embeddable":true,"href":"http:\/\/ficinofilms.com\/3000\/wp-json\/wp\/v2\/comments\/?lang=es&post=1006"}],"version-history":[{"count":2,"href":"http:\/\/ficinofilms.com\/3000\/wp-json\/wp\/v2\/pages\/1006\/revisions\/?lang=es"}],"predecessor-version":[{"id":1041,"href":"http:\/\/ficinofilms.com\/3000\/wp-json\/wp\/v2\/pages\/1006\/revisions\/1041\/?lang=es"}],"wp:attachment":[{"href":"http:\/\/ficinofilms.com\/3000\/wp-json\/wp\/v2\/media\/?lang=es&parent=1006"}],"curies":[{"name":"wp","href":"https:\/\/api.w.org\/{rel}","templated":true}]}}