{"id":1002,"date":"2015-05-24T07:31:20","date_gmt":"2015-05-24T07:31:20","guid":{"rendered":"http:\/\/ficinofilms.com\/3000\/about-us-2\/"},"modified":"2015-06-19T13:41:33","modified_gmt":"2015-06-19T13:41:33","slug":"about-us","status":"publish","type":"page","link":"http:\/\/ficinofilms.com\/3000\/about-us\/?lang=es","title":{"rendered":"sobre nosotros"},"content":{"rendered":"<p>[et_pb_section fullwidth=&#8221;off&#8221; specialty=&#8221;off&#8221; transparent_background=&#8221;off&#8221; background_color=&#8221;#ffffff&#8221; allow_player_pause=&#8221;off&#8221; inner_shadow=&#8221;off&#8221; parallax=&#8221;off&#8221; parallax_method=&#8221;off&#8221; module_class=&#8221;full_width&#8221;][et_pb_row][et_pb_column type=&#8221;4_4&#8243;][et_pb_text admin_label=&#8221;Text&#8221; background_layout=&#8221;light&#8221; text_orientation=&#8221;left&#8221; module_class=&#8221;custom&#8221;]<div id=\"new-royalslider-4\" class=\"royalSlider new-royalslider-4 rsUni rs-default-template\" style=\"width:100%;height:580px;;\">\n<div class=\"rsContent\">\n  <img decoding=\"async\" class=\"rsImg\" src=\"http:\/\/ficinofilms.com\/3000\/my_content\/uploads\/2015\/05\/3000-271-1024x576.jpg\" alt=\"3000 by Antonis Tsonis Ficino Films - about us\"\/>\n  \n  \n  \n<\/div>\n\n<\/div>\n[\/et_pb_text][\/et_pb_column][\/et_pb_row][\/et_pb_section][et_pb_section fullwidth=&#8221;on&#8221; specialty=&#8221;off&#8221; transparent_background=&#8221;off&#8221; background_color=&#8221;#ffffff&#8221; allow_player_pause=&#8221;off&#8221; inner_shadow=&#8221;off&#8221; parallax=&#8221;off&#8221; parallax_method=&#8221;off&#8221; module_class=&#8221;special&#8221;][et_pb_fullwidth_menu admin_label=&#8221;Fullwidth Menu&#8221; menu_id=&#8221;3&#8243; background_color=&#8221;#ffffff&#8221; background_layout=&#8221;light&#8221; text_orientation=&#8221;center&#8221; submenu_direction=&#8221;downwards&#8221; module_class=&#8221;menus&#8221; \/][\/et_pb_section][et_pb_section fullwidth=&#8221;off&#8221; specialty=&#8221;off&#8221;][et_pb_row][et_pb_column type=&#8221;4_4&#8243;][et_pb_divider admin_label=&#8221;Divider&#8221; color=&#8221;#777777&#8243; show_divider=&#8221;on&#8221; height=&#8221;4px&#8221; \/][\/et_pb_column][\/et_pb_row][\/et_pb_section][et_pb_section fullwidth=&#8221;off&#8221; specialty=&#8221;off&#8221;][et_pb_row][et_pb_column type=&#8221;1_4&#8243;][et_pb_text admin_label=&#8221;SYNOPSIS&#8221; background_layout=&#8221;light&#8221; text_orientation=&#8221;left&#8221;]<\/p>\n<h1>SINOPSIS<\/h1>\n<p>[\/et_pb_text][\/et_pb_column][et_pb_column type=&#8221;3_4&#8243;][et_pb_text admin_label=&#8221;SYNOPSIS&#8221; background_layout=&#8221;light&#8221; text_orientation=&#8221;left&#8221;]Cuando Ari, el mejor amigo de Leon, le cuenta a este la tr\u00e1gica noticia de su batalla contra el c\u00e1ncer, su amigo en paro, pero desesperado por ayudarle, decide hacerse delincuente para pagar el tratamiento oncol\u00f3gico. Leon, de 22 a\u00f1os, se niega a permitir que las dificultades econ\u00f3micas destruyan la vida de Ari. Con una Atenas contempor\u00e1nea como tel\u00f3n de fondo, los esfuerzos de Leon por salvar a su amigo tendr\u00e1n consecuencias irreversibles.[\/et_pb_text][\/et_pb_column][\/et_pb_row][et_pb_row][et_pb_column type=&#8221;1_4&#8243;][et_pb_text admin_label=&#8221;MAKING 3000&#8243; background_layout=&#8221;light&#8221; text_orientation=&#8221;left&#8221;]<\/p>\n<h1>LA REALIZACI\u00d3N DE 3000<\/h1>\n<p>[\/et_pb_text][\/et_pb_column][et_pb_column type=&#8221;3_4&#8243;][et_pb_text admin_label=&#8221;MAKING 3000&#8243; background_layout=&#8221;light&#8221; text_orientation=&#8221;left&#8221;]3000 fue concebida en Melbourne por el guionista y director australiano Antonis Tsonis, pero para hacer realidad el cortometraje fue preciso efectuar un cuidadoso an\u00e1lisis, debido a la distancia que separa Europa y Australia. Con recursos reducidos, la productora australiana independiente Tia Spanos Tsonis y el cineasta y coproductor griego Panagiotis Fafoutis se lanzaron con entusiasmo a hacer 3000, pues trata de un tema que les es muy cercano. En colaboraci\u00f3n con el director de reparto, Akis Gourzoulidis, Antonis escogi\u00f3 a Panos Natsis para debutar en el cine con el papel de Leon. Durante los ensayos con Panos, Antonis se concentr\u00f3 en el principio de \u2018verdad emocional\u2019 desarrollado por la actriz estadounidense y afamada profesora de interpretaci\u00f3n Stella Adler (1901-1992). El director de fotograf\u00eda alem\u00e1n Joerg Gruber, afincado en Berl\u00edn, se sum\u00f3 al equipo de producci\u00f3n para rodar 3000 completamente sobre el terreno. Antonis mont\u00f3 la cinta en Grecia con el montador griego Lambis Haralambidis, y el productor ejecutivo Wayne Blair se uni\u00f3 al director en Atenas para revisarla. La posproducci\u00f3n concluy\u00f3 en DDP &amp; Deluxe International Studios, en Melbourne. De especial relevancia en 3000 es la banda sonora compuesta por el difunto Manuel De Sica (1949-2014).[\/et_pb_text][\/et_pb_column][\/et_pb_row][et_pb_row][et_pb_column type=&#8221;1_4&#8243;][et_pb_text admin_label=&#8221;BIOGRAPHIES&#8221; background_layout=&#8221;light&#8221; text_orientation=&#8221;left&#8221;]<\/p>\n<h1>BIOGRAF\u00cdAS<\/h1>\n<p>[\/et_pb_text][\/et_pb_column][et_pb_column type=&#8221;3_4&#8243;][et_pb_text admin_label=&#8221;Antonis Tsonis Writer | Director&#8221; background_layout=&#8221;light&#8221; text_orientation=&#8221;left&#8221; module_class=&#8221;about-padding&#8221;]<\/p>\n<h2>Antonis Tsonis Guionista | Director<\/h2>\n<p>Natural de Atenas, Grecia, el guionista y director australiano Antonis reside en Melbourne, donde estudi\u00f3 Derecho e Historia y se doctor\u00f3 en Jurisprudencia en la Universidad de Melbourne. Antonis ha sido candidato y ha sido galardonado como mejor director en diversos festivales internacionales, tales como el Festival Internacional de Cine de Levante en Italia y el premio Federico Fellini a la mejor direcci\u00f3n en Indonesia. Su cortometraje independiente de 2013, The Firebird, se exhibi\u00f3 en m\u00e1s de 35 festivales de todo el mundo. La cinta recibi\u00f3 numerosos premios y gan\u00f3 el de mejor corto dram\u00e1tico en el Festival de Cine de Manhattan. En 2015, Antonis tambi\u00e9n fue beneficiario del Deluxe Heartbeat Fund, en Australia. La inspiraci\u00f3n narrativa y visual de Antonis combina el neorrealismo italiano con el movimiento de la nueva ola estadounidense. Se centra especialmente en historias sobre personajes que sufren tr\u00e1gicamente al margen de la sociedad.[\/et_pb_text][et_pb_text admin_label=&#8221;Tia Spanos Tsonis Producer&#8221; background_layout=&#8221;light&#8221; text_orientation=&#8221;left&#8221; module_class=&#8221;about-padding&#8221;]<\/p>\n<h2>Tia Spanos Tsonis | Productora<\/h2>\n<p>Tia es la cofundadora de Ficino Films y ha producido y distribuido cuatro cortometrajes, que se han exhibido internacionalmente y\/o han ganado diversos premios. Ha trabajado en numerosas campa\u00f1as de relaciones p\u00fablicas y m\u00e1rquetin en el mundo del espect\u00e1culo y en la industria editorial, y su inspiraci\u00f3n para producir pel\u00edculas procede de su deseo de compartir historias que sean implacables a la hora de exponer la condici\u00f3n humana. Tia aguarda con inter\u00e9s la oportunidad de compartir 3000 con el p\u00fablico y distribuirlo a trav\u00e9s de festivales de cine internacionales.[\/et_pb_text][et_pb_text admin_label=&#8221;Panagiotis Fafoutis Co-Producer&#8221; background_layout=&#8221;light&#8221; text_orientation=&#8221;left&#8221;]<\/p>\n<h2>Panagiotis Fafoutis | Coproductor<\/h2>\n<p>Panagiotis naci\u00f3 en Patras, Grecia. Estudi\u00f3 Derecho en la Universidad de Atenas y Direcci\u00f3n Cinematogr\u00e1fica en la prestigiosa Escuela de Cine Stavrakos, en la misma ciudad. Panagiotis es un c\u00e9lebre director, guionista y productor en Grecia. Ha hecho seis cortometrajes, galardonados dentro y fuera de su pa\u00eds, y dos largometrajes. Su obra ha abarcado muchos g\u00e9neros art\u00edsticos, como cine, televisi\u00f3n, teatro, y eventos culturales y corporativos. En la actualidad, Panagiotis imparte clases de Estudios Cinematogr\u00e1ficos en escuelas de cine y de interpretaci\u00f3n, que compagina con su carrera como cineasta. Panagiotis tiene su propia compa\u00f1\u00eda de producci\u00f3n en Grecia y goza de una excelente reputaci\u00f3n entre sus compa\u00f1eros de profesi\u00f3n y colaboradores.[\/et_pb_text][\/et_pb_column][\/et_pb_row][et_pb_row][et_pb_column type=&#8221;1_4&#8243;][et_pb_text admin_label=&#8221;FICINO FILMS &#8221; background_layout=&#8221;light&#8221; text_orientation=&#8221;left&#8221;]<\/p>\n<h1>Ficino Films<\/h1>\n<p>[\/et_pb_text][\/et_pb_column][et_pb_column type=&#8221;3_4&#8243;][et_pb_text admin_label=&#8221;FICINO FILMS&#8221; background_layout=&#8221;light&#8221; text_orientation=&#8221;left&#8221;]Ficino Films es una empresa de producci\u00f3n de cine independiente radicada en Melbourne, Australia. Ficino Films aspira a crear producciones cinematogr\u00e1ficas contempor\u00e1neas y universales que lleguen a un p\u00fablico internacional.<\/p>\n<p><a href=\"http:\/\/ficinofilms.com\/\" target=\"_blank\"><img loading=\"lazy\" decoding=\"async\" class=\"alignnone wp-image-1139 size-full\" src=\"http:\/\/ficinofilms.com\/3000\/my_content\/uploads\/2015\/06\/ficino-LOGO-DARK-100.png\" alt=\"ficino films logo\" width=\"87\" height=\"100\" srcset=\"http:\/\/ficinofilms.com\/3000\/my_content\/uploads\/2015\/06\/ficino-LOGO-DARK-100.png 87w, http:\/\/ficinofilms.com\/3000\/my_content\/uploads\/2015\/06\/ficino-LOGO-DARK-100-21x24.png 21w, http:\/\/ficinofilms.com\/3000\/my_content\/uploads\/2015\/06\/ficino-LOGO-DARK-100-31x36.png 31w, http:\/\/ficinofilms.com\/3000\/my_content\/uploads\/2015\/06\/ficino-LOGO-DARK-100-42x48.png 42w\" sizes=\"(max-width: 87px) 100vw, 87px\" \/><\/a>[\/et_pb_text][\/et_pb_column][\/et_pb_row][et_pb_row][et_pb_column type=&#8221;1_4&#8243;][et_pb_text admin_label=&#8221;Deluxe Heartbeat Fund&#8221; background_layout=&#8221;light&#8221; text_orientation=&#8221;left&#8221;]<\/p>\n<h1>Deluxe Heartbeat Fund<\/h1>\n<p>[\/et_pb_text][\/et_pb_column][et_pb_column type=&#8221;3_4&#8243;][et_pb_text admin_label=&#8221;Deluxe Heartbeat Fund&#8221; background_layout=&#8221;light&#8221; text_orientation=&#8221;left&#8221; use_border_color=&#8221;off&#8221; border_color=&#8221;#ffffff&#8221; border_style=&#8221;solid&#8221;]<\/p>\n<p>Deluxe Australia aporta financiaci\u00f3n para producir largometrajes y proyectos televisivos en Australia. Patrocinamos proyectos y colaboramos con grupos que ayudan a promocionar en todo el mundo la industria australiana del cine y la televisi\u00f3n. Entre dichos grupos se cuentan la Academia Australiana de Artes del Cine y la Televisi\u00f3n (AACTA), Screen Producers Australia y la Sociedad Australiana de Directores de Fotograf\u00eda, as\u00ed como aclamados cert\u00e1menes como el Festival Internacional de Melbourne, y los Festivales de Cine St Kilda y de la India.\u00a0<a href=\"http:\/\/ddpstudios.com.au\/projects\/3000\" target=\"_blank\">http:\/\/ddpstudios.com.au\/projects\/3000<\/a><\/p>\n<p><img loading=\"lazy\" decoding=\"async\" class=\"alignnone wp-image-489 \" src=\"http:\/\/ficinofilms.com\/3000\/my_content\/uploads\/2015\/05\/heartbeat.jpg\" alt=\"heartbeat\" width=\"221\" height=\"81\" \/><\/p>\n<p>[\/et_pb_text][\/et_pb_column][\/et_pb_row][\/et_pb_section][et_pb_section fullwidth=&#8221;off&#8221; specialty=&#8221;off&#8221;][et_pb_row][et_pb_column type=&#8221;4_4&#8243;][et_pb_divider admin_label=&#8221;Divider&#8221; color=&#8221;#ffffff&#8221; show_divider=&#8221;off&#8221; height=&#8221;40px&#8221; \/][\/et_pb_column][\/et_pb_row][\/et_pb_section]<\/p>\n","protected":false},"excerpt":{"rendered":"<p><div class=\"et_pb_row et_pb_row_0 et_pb_row_empty\">\n\t\t\t\t\n\t\t\t\t\n\t\t\t\t\n\t\t\t\t\n\t\t\t\t\n\t\t\t<\/div><div id=\"new-royalslider-4\" class=\"royalSlider new-royalslider-4 rsUni rs-default-template\" style=\"width:100%;height:580px;;\">\n<div class=\"rsContent\">\n  <img decoding=\"async\" class=\"rsImg\" src=\"http:\/\/ficinofilms.com\/3000\/my_content\/uploads\/2015\/05\/3000-271-1024x576.jpg\" alt=\"3000 by Antonis Tsonis Ficino Films - about us\"\/>\n  \n  \n  \n<\/div>\n\n<\/div>\n<div class=\"et_pb_row et_pb_row_1 et_pb_row_empty\">\n\t\t\t\t\n\t\t\t\t\n\t\t\t\t\n\t\t\t\t\n\t\t\t\t\n\t\t\t<\/div><div class=\"et_pb_row et_pb_row_2 et_pb_row_empty\">\n\t\t\t\t\n\t\t\t\t\n\t\t\t\t\n\t\t\t\t\n\t\t\t\t\n\t\t\t<\/div> SINOPSIS Cuando Ari, el mejor amigo de Leon, le cuenta a este la tr\u00e1gica noticia de su batalla contra el c\u00e1ncer, su amigo en paro, pero desesperado por ayudarle, decide hacerse delincuente para pagar el tratamiento oncol\u00f3gico. Leon, de 22 a\u00f1os, se niega a permitir que las dificultades econ\u00f3micas destruyan la vida de [&hellip;]<\/p>\n","protected":false},"author":1,"featured_media":0,"parent":0,"menu_order":0,"comment_status":"open","ping_status":"open","template":"","meta":{"_et_pb_use_builder":"on","_et_pb_old_content":"","_et_gb_content_width":"","footnotes":""},"class_list":["post-1002","page","type-page","status-publish","hentry"],"yoast_head":"<!-- This site is optimized with the Yoast SEO plugin v25.5 - https:\/\/yoast.com\/wordpress\/plugins\/seo\/ -->\n<title>sobre nosotros - 3000 Antonis Tsonis<\/title>\n<meta name=\"description\" content=\"Film: 3000, Director: Antonis Tsonis, Produced: Ficino Films\" \/>\n<meta name=\"robots\" content=\"index, follow, max-snippet:-1, max-image-preview:large, max-video-preview:-1\" \/>\n<link rel=\"canonical\" href=\"http:\/\/ficinofilms.com\/3000\/about-us\/?lang=es\" \/>\n<meta property=\"og:locale\" content=\"es_ES\" \/>\n<meta property=\"og:type\" content=\"article\" \/>\n<meta property=\"og:title\" content=\"sobre nosotros - 3000 Antonis Tsonis\" \/>\n<meta property=\"og:description\" content=\"Film: 3000, Director: Antonis Tsonis, Produced: Ficino Films\" \/>\n<meta property=\"og:url\" content=\"http:\/\/ficinofilms.com\/3000\/about-us\/?lang=es\" \/>\n<meta property=\"og:site_name\" content=\"3000 Antonis Tsonis\" \/>\n<meta property=\"article:modified_time\" content=\"2015-06-19T13:41:33+00:00\" \/>\n<meta property=\"og:image\" content=\"http:\/\/ficinofilms.com\/3000\/my_content\/uploads\/2015\/06\/ficino-LOGO-DARK-100.png\" \/>\n<meta name=\"twitter:card\" content=\"summary_large_image\" \/>\n<meta name=\"twitter:label1\" content=\"Tiempo de lectura\" \/>\n\t<meta name=\"twitter:data1\" content=\"7 minutos\" \/>\n<script type=\"application\/ld+json\" class=\"yoast-schema-graph\">{\"@context\":\"https:\/\/schema.org\",\"@graph\":[{\"@type\":\"WebPage\",\"@id\":\"http:\/\/ficinofilms.com\/3000\/about-us\/?lang=es\",\"url\":\"http:\/\/ficinofilms.com\/3000\/about-us\/?lang=es\",\"name\":\"sobre nosotros - 3000 Antonis Tsonis\",\"isPartOf\":{\"@id\":\"http:\/\/ficinofilms.com\/3000\/?lang=fr\/#website\"},\"primaryImageOfPage\":{\"@id\":\"http:\/\/ficinofilms.com\/3000\/about-us\/?lang=es#primaryimage\"},\"image\":{\"@id\":\"http:\/\/ficinofilms.com\/3000\/about-us\/?lang=es#primaryimage\"},\"thumbnailUrl\":\"http:\/\/ficinofilms.com\/3000\/my_content\/uploads\/2015\/06\/ficino-LOGO-DARK-100.png\",\"datePublished\":\"2015-05-24T07:31:20+00:00\",\"dateModified\":\"2015-06-19T13:41:33+00:00\",\"description\":\"Film: 3000, Director: Antonis Tsonis, Produced: Ficino Films\",\"breadcrumb\":{\"@id\":\"http:\/\/ficinofilms.com\/3000\/about-us\/?lang=es#breadcrumb\"},\"inLanguage\":\"es\",\"potentialAction\":[{\"@type\":\"ReadAction\",\"target\":[\"http:\/\/ficinofilms.com\/3000\/about-us\/?lang=es\"]}]},{\"@type\":\"ImageObject\",\"inLanguage\":\"es\",\"@id\":\"http:\/\/ficinofilms.com\/3000\/about-us\/?lang=es#primaryimage\",\"url\":\"http:\/\/ficinofilms.com\/3000\/my_content\/uploads\/2015\/06\/ficino-LOGO-DARK-100.png\",\"contentUrl\":\"http:\/\/ficinofilms.com\/3000\/my_content\/uploads\/2015\/06\/ficino-LOGO-DARK-100.png\",\"width\":87,\"height\":100,\"caption\":\"ficino films logo\"},{\"@type\":\"BreadcrumbList\",\"@id\":\"http:\/\/ficinofilms.com\/3000\/about-us\/?lang=es#breadcrumb\",\"itemListElement\":[{\"@type\":\"ListItem\",\"position\":1,\"name\":\"Home\",\"item\":\"http:\/\/ficinofilms.com\/3000\/?lang=es\"},{\"@type\":\"ListItem\",\"position\":2,\"name\":\"sobre nosotros\"}]},{\"@type\":\"WebSite\",\"@id\":\"http:\/\/ficinofilms.com\/3000\/?lang=fr\/#website\",\"url\":\"http:\/\/ficinofilms.com\/3000\/?lang=fr\/\",\"name\":\"3000 Antonis Tsonis\",\"description\":\"3000 Antonis Tsonis Ficino Films\",\"potentialAction\":[{\"@type\":\"SearchAction\",\"target\":{\"@type\":\"EntryPoint\",\"urlTemplate\":\"http:\/\/ficinofilms.com\/3000\/?lang=fr\/?s={search_term_string}\"},\"query-input\":{\"@type\":\"PropertyValueSpecification\",\"valueRequired\":true,\"valueName\":\"search_term_string\"}}],\"inLanguage\":\"es\"}]}<\/script>\n<!-- \/ Yoast SEO plugin. -->","yoast_head_json":{"title":"sobre nosotros - 3000 Antonis Tsonis","description":"Film: 3000, Director: Antonis Tsonis, Produced: Ficino Films","robots":{"index":"index","follow":"follow","max-snippet":"max-snippet:-1","max-image-preview":"max-image-preview:large","max-video-preview":"max-video-preview:-1"},"canonical":"http:\/\/ficinofilms.com\/3000\/about-us\/?lang=es","og_locale":"es_ES","og_type":"article","og_title":"sobre nosotros - 3000 Antonis Tsonis","og_description":"Film: 3000, Director: Antonis Tsonis, Produced: Ficino Films","og_url":"http:\/\/ficinofilms.com\/3000\/about-us\/?lang=es","og_site_name":"3000 Antonis Tsonis","article_modified_time":"2015-06-19T13:41:33+00:00","og_image":[{"url":"http:\/\/ficinofilms.com\/3000\/my_content\/uploads\/2015\/06\/ficino-LOGO-DARK-100.png","type":"","width":"","height":""}],"twitter_card":"summary_large_image","twitter_misc":{"Tiempo de lectura":"7 minutos"},"schema":{"@context":"https:\/\/schema.org","@graph":[{"@type":"WebPage","@id":"http:\/\/ficinofilms.com\/3000\/about-us\/?lang=es","url":"http:\/\/ficinofilms.com\/3000\/about-us\/?lang=es","name":"sobre nosotros - 3000 Antonis Tsonis","isPartOf":{"@id":"http:\/\/ficinofilms.com\/3000\/?lang=fr\/#website"},"primaryImageOfPage":{"@id":"http:\/\/ficinofilms.com\/3000\/about-us\/?lang=es#primaryimage"},"image":{"@id":"http:\/\/ficinofilms.com\/3000\/about-us\/?lang=es#primaryimage"},"thumbnailUrl":"http:\/\/ficinofilms.com\/3000\/my_content\/uploads\/2015\/06\/ficino-LOGO-DARK-100.png","datePublished":"2015-05-24T07:31:20+00:00","dateModified":"2015-06-19T13:41:33+00:00","description":"Film: 3000, Director: Antonis Tsonis, Produced: Ficino Films","breadcrumb":{"@id":"http:\/\/ficinofilms.com\/3000\/about-us\/?lang=es#breadcrumb"},"inLanguage":"es","potentialAction":[{"@type":"ReadAction","target":["http:\/\/ficinofilms.com\/3000\/about-us\/?lang=es"]}]},{"@type":"ImageObject","inLanguage":"es","@id":"http:\/\/ficinofilms.com\/3000\/about-us\/?lang=es#primaryimage","url":"http:\/\/ficinofilms.com\/3000\/my_content\/uploads\/2015\/06\/ficino-LOGO-DARK-100.png","contentUrl":"http:\/\/ficinofilms.com\/3000\/my_content\/uploads\/2015\/06\/ficino-LOGO-DARK-100.png","width":87,"height":100,"caption":"ficino films logo"},{"@type":"BreadcrumbList","@id":"http:\/\/ficinofilms.com\/3000\/about-us\/?lang=es#breadcrumb","itemListElement":[{"@type":"ListItem","position":1,"name":"Home","item":"http:\/\/ficinofilms.com\/3000\/?lang=es"},{"@type":"ListItem","position":2,"name":"sobre nosotros"}]},{"@type":"WebSite","@id":"http:\/\/ficinofilms.com\/3000\/?lang=fr\/#website","url":"http:\/\/ficinofilms.com\/3000\/?lang=fr\/","name":"3000 Antonis Tsonis","description":"3000 Antonis Tsonis Ficino Films","potentialAction":[{"@type":"SearchAction","target":{"@type":"EntryPoint","urlTemplate":"http:\/\/ficinofilms.com\/3000\/?lang=fr\/?s={search_term_string}"},"query-input":{"@type":"PropertyValueSpecification","valueRequired":true,"valueName":"search_term_string"}}],"inLanguage":"es"}]}},"_links":{"self":[{"href":"http:\/\/ficinofilms.com\/3000\/wp-json\/wp\/v2\/pages\/1002\/?lang=es"}],"collection":[{"href":"http:\/\/ficinofilms.com\/3000\/wp-json\/wp\/v2\/pages\/?lang=es"}],"about":[{"href":"http:\/\/ficinofilms.com\/3000\/wp-json\/wp\/v2\/types\/page\/?lang=es"}],"author":[{"embeddable":true,"href":"http:\/\/ficinofilms.com\/3000\/wp-json\/wp\/v2\/users\/1\/?lang=es"}],"replies":[{"embeddable":true,"href":"http:\/\/ficinofilms.com\/3000\/wp-json\/wp\/v2\/comments\/?lang=es&post=1002"}],"version-history":[{"count":9,"href":"http:\/\/ficinofilms.com\/3000\/wp-json\/wp\/v2\/pages\/1002\/revisions\/?lang=es"}],"predecessor-version":[{"id":1207,"href":"http:\/\/ficinofilms.com\/3000\/wp-json\/wp\/v2\/pages\/1002\/revisions\/1207\/?lang=es"}],"wp:attachment":[{"href":"http:\/\/ficinofilms.com\/3000\/wp-json\/wp\/v2\/media\/?lang=es&parent=1002"}],"curies":[{"name":"wp","href":"https:\/\/api.w.org\/{rel}","templated":true}]}}