{"id":1001,"date":"2015-05-24T07:31:20","date_gmt":"2015-05-24T07:31:20","guid":{"rendered":"http:\/\/ficinofilms.com\/3000\/about-us-2\/"},"modified":"2015-06-19T13:40:46","modified_gmt":"2015-06-19T13:40:46","slug":"about-us","status":"publish","type":"page","link":"http:\/\/ficinofilms.com\/3000\/about-us\/?lang=it","title":{"rendered":"chi siamo"},"content":{"rendered":"<p>[et_pb_section fullwidth=&#8221;off&#8221; specialty=&#8221;off&#8221; transparent_background=&#8221;off&#8221; background_color=&#8221;#ffffff&#8221; allow_player_pause=&#8221;off&#8221; inner_shadow=&#8221;off&#8221; parallax=&#8221;off&#8221; parallax_method=&#8221;off&#8221; module_class=&#8221;full_width&#8221;][et_pb_row][et_pb_column type=&#8221;4_4&#8243;][et_pb_text admin_label=&#8221;Text&#8221; background_layout=&#8221;light&#8221; text_orientation=&#8221;left&#8221; module_class=&#8221;custom&#8221;]<div id=\"new-royalslider-4\" class=\"royalSlider new-royalslider-4 rsUni rs-default-template\" style=\"width:100%;height:580px;;\">\n<div class=\"rsContent\">\n  <img decoding=\"async\" class=\"rsImg\" src=\"https:\/\/ficinofilms.com\/3000\/my_content\/uploads\/2015\/05\/3000-271-1024x576.jpg\" alt=\"3000 by Antonis Tsonis Ficino Films - about us\"\/>\n  \n  \n  \n<\/div>\n\n<\/div>\n[\/et_pb_text][\/et_pb_column][\/et_pb_row][\/et_pb_section][et_pb_section fullwidth=&#8221;on&#8221; specialty=&#8221;off&#8221; transparent_background=&#8221;off&#8221; background_color=&#8221;#ffffff&#8221; allow_player_pause=&#8221;off&#8221; inner_shadow=&#8221;off&#8221; parallax=&#8221;off&#8221; parallax_method=&#8221;off&#8221; module_class=&#8221;special&#8221;][et_pb_fullwidth_menu admin_label=&#8221;Fullwidth Menu&#8221; menu_id=&#8221;3&#8243; background_color=&#8221;#ffffff&#8221; background_layout=&#8221;light&#8221; text_orientation=&#8221;center&#8221; submenu_direction=&#8221;downwards&#8221; module_class=&#8221;menus&#8221; \/][\/et_pb_section][et_pb_section fullwidth=&#8221;off&#8221; specialty=&#8221;off&#8221;][et_pb_row][et_pb_column type=&#8221;4_4&#8243;][et_pb_divider admin_label=&#8221;Divider&#8221; color=&#8221;#777777&#8243; show_divider=&#8221;on&#8221; height=&#8221;4px&#8221; \/][\/et_pb_column][\/et_pb_row][\/et_pb_section][et_pb_section fullwidth=&#8221;off&#8221; specialty=&#8221;off&#8221;][et_pb_row][et_pb_column type=&#8221;1_4&#8243;][et_pb_text admin_label=&#8221;SYNOPSIS&#8221; background_layout=&#8221;light&#8221; text_orientation=&#8221;left&#8221;]<\/p>\n<h1>SINOSSI<\/h1>\n<p>[\/et_pb_text][\/et_pb_column][et_pb_column type=&#8221;3_4&#8243;][et_pb_text admin_label=&#8221;SYNOPSIS&#8221; background_layout=&#8221;light&#8221; text_orientation=&#8221;left&#8221;]Quando Ari, il migliore amico di Leon, gli confida la tragica notizia che ha il cancro, Leon, disoccupato e disperato per la sorte del suo amico, decide di aiutarlo affiliandosi alla criminalit\u00e0 locale per potergli pagare altre cure mediche. Leon, 22 anni, \u00e8 infatti determinato a non permettere che le difficolt\u00e0 economiche minaccino la vita di Ari. Sullo sfondo dell&#8217;Atene contemporanea, le scelte di Leon per salvare il suo migliore amico avranno delle conseguenze irreversibili.[\/et_pb_text][\/et_pb_column][\/et_pb_row][et_pb_row][et_pb_column type=&#8221;1_4&#8243;][et_pb_text admin_label=&#8221;MAKING 3000&#8243; background_layout=&#8221;light&#8221; text_orientation=&#8221;left&#8221;]<\/p>\n<h1>LA GENESI DI 3000<\/h1>\n<p>[\/et_pb_text][\/et_pb_column][et_pb_column type=&#8221;3_4&#8243;][et_pb_text admin_label=&#8221;MAKING 3000&#8243; background_layout=&#8221;light&#8221; text_orientation=&#8221;left&#8221;]L\u2019idea di 3000 \u00e8 stata concepita a Melbourne dal regista e autore australiano Antonis Tsonis, ma data la distanza tra l\u2019Europa e l\u2019Australia, il progetto ha necessitato di un\u2019intensa pianificazione e seria considerazione. Nonostante le risorse limitate, la produttrice indipendente australiana Tia Spanos Tsonis e il cineasta e co-produttore Panagiotis Fafoutis hanno collaborato a 3000 con entusiasmo. Nato ad Atene, Antonis Tsonis \u00e8 profondamente legato al neorealismo italiano e alla new wave del cinema americano. In collaborazione con il direttore del casting Akis Gourzolidis, Antonis ha scelto Panos Natsis al suo debutto come Leon.Lavorando con Natsis, Tsonis si \u00e8 concentrato sull\u2019idea di \u2018memoria emotiva\u2019 sviluppata dalla leggendaria attrice e insegnante di recitazione americana Stella Adler (1901-1992). Il regista tedesco Joerg Gruber, di Berlino, si \u00e8 unito alla produzione per girare 3000 interamente in Europa. Antonis Tsonis si \u00e8 occupato del montaggio del film in Grecia con Lambis Haralambidis e il produttore esecutivo Wayne Blair ha raggiunto Tsonis in Grecia per revisionare il film. La post produzione \u00e8 stata completata ai DDP &amp; Deluxe International Studios di Melbourne. Di particolare importanza per 3000 \u00e8 il tema musicale di Manuel De Sica (1949-2014).[\/et_pb_text][\/et_pb_column][\/et_pb_row][et_pb_row][et_pb_column type=&#8221;1_4&#8243;][et_pb_text admin_label=&#8221;BIOGRAPHIES&#8221; background_layout=&#8221;light&#8221; text_orientation=&#8221;left&#8221;]<\/p>\n<h1>BIOGRAFIE<\/h1>\n<p>[\/et_pb_text][\/et_pb_column][et_pb_column type=&#8221;3_4&#8243;][et_pb_text admin_label=&#8221;Antonis Tsonis Writer | Director&#8221; background_layout=&#8221;light&#8221; text_orientation=&#8221;left&#8221; module_class=&#8221;about-padding&#8221;]<\/p>\n<h2>Antonis Tsonis Autore | Regista<\/h2>\n<p>Nato ad Atene, Grecia, il regista e autore australiano Antonis Tsonis risiede a Melbourne, dove ha studiato diritto e storia conseguendo un dottorato in Giurisprudenza presso l\u2019Universit\u00e0 di Melbourne. Tsonis ha ricevuto nomination e vinto riconoscimenti come Miglior Regista in numerosi festival internazionali, tra cui il Levante International Film Festival, Italia, e il Federico Fellini Award for Outstanding Direction in Indonesia. Il suo corto indipendente del 2013, The Firebird, ha partecipato a 35 festival in vari paesi del mondo. Il film ha ricevuto molti premi e ha vinto come Best Dramatic Short al Manhattan Film Festival. Nel 2015 Tsonis ha ricevuto il patrocinio del Deluxe Heartbeat Fund in Australia. L\u2019ispirazione narrativa e visiva di Tsonis \u00e8 fortemente legata al cinema neorealista italiano e il movimento new wave del cinema americano. Tsonis racconta storie di personaggi ai margini della societ\u00e0, spesso ingaggiati in una tragica lotta esistenziale.[\/et_pb_text][et_pb_text admin_label=&#8221;Tia Spanos Tsonis Producer&#8221; background_layout=&#8221;light&#8221; text_orientation=&#8221;left&#8221; module_class=&#8221;about-padding&#8221;]<\/p>\n<h2>Tia Spanos Tsonis | Produttrice<\/h2>\n<p>Tia Spanos Tsonis \u00e8 cofondatrice di Ficino Films e ha prodotto e distribuito internazionalmente quattro corti che hanno tutti ricevuto riconoscimenti internazionali. Il suo background in marketing e pubbliche relazioni l\u2019ha vista impegnata in numerose campagne e progetti nei campi dello spettacolo e dell\u2019editoria. La sua passione per la produzione nasce dal desiderio di proporre storie che tenacemente esprimano aspetti della condizione umana. L\u2019obiettivo attuale di Tia \u00e8 la possibilit\u00e0 di proporre e distribuire 3000 al pubblico internazionale.[\/et_pb_text][et_pb_text admin_label=&#8221;Panagiotis Fafoutis Co-Producer&#8221; background_layout=&#8221;light&#8221; text_orientation=&#8221;left&#8221;]<\/p>\n<h2>Panagiotis Fafoutis | Co-Produttore<\/h2>\n<p>Panagiotis Fafoutis \u00e8 nato a Patras, in Grecia. Ha studiato Legge all\u2019Universit\u00e0 di Atene e regia alla prestigiosa Stavrakos Film School, anch\u2019essa ad Atene. In Grecia, Panagiotis \u00e8 un noto e amato regista, sceneggiatore e produttore. Ha realizzato sei corti, ai quali sono stati attribuiti riconoscimenti nazionali e internazionali, e due lungometraggi. Fafoutis ha sviluppato progetti in diversi generi e stili per cinema, televisione e teatro, nonch\u00e9 eventi per i mondi della cultura e del business. Accanto alla sua carriera cinematografica, Fafoutis \u00e8 anche docente di studi del cinema in vari corsi, scuole di recitazione e cinema e dirige la sua compagnia di produzione in Grecia. La sua figura e opera godono di reputazione e rispetto tra colleghi e collaboratori.[\/et_pb_text][\/et_pb_column][\/et_pb_row][et_pb_row][et_pb_column type=&#8221;1_4&#8243;][et_pb_text admin_label=&#8221;FICINO FILMS &#8221; background_layout=&#8221;light&#8221; text_orientation=&#8221;left&#8221;]<\/p>\n<h1>Ficino Films<\/h1>\n<p>[\/et_pb_text][\/et_pb_column][et_pb_column type=&#8221;3_4&#8243;][et_pb_text admin_label=&#8221;FICINO FILMS&#8221; background_layout=&#8221;light&#8221; text_orientation=&#8221;left&#8221;]Ficino Films \u00e8 una casa di produzione cinematografica indipendente con sede a Melbourne, Australia. Ficino Films crea produzioni contemporanee, di respiro internazionale destinate a un pubblico internazionale.<\/p>\n<p><a href=\"http:\/\/ficinofilms.com\/\" target=\"_blank\"><img loading=\"lazy\" decoding=\"async\" class=\"alignnone wp-image-1139 size-full\" src=\"http:\/\/ficinofilms.com\/3000\/my_content\/uploads\/2015\/06\/ficino-LOGO-DARK-100.png\" alt=\"ficino films logo\" width=\"87\" height=\"100\" srcset=\"http:\/\/ficinofilms.com\/3000\/my_content\/uploads\/2015\/06\/ficino-LOGO-DARK-100.png 87w, http:\/\/ficinofilms.com\/3000\/my_content\/uploads\/2015\/06\/ficino-LOGO-DARK-100-21x24.png 21w, http:\/\/ficinofilms.com\/3000\/my_content\/uploads\/2015\/06\/ficino-LOGO-DARK-100-31x36.png 31w, http:\/\/ficinofilms.com\/3000\/my_content\/uploads\/2015\/06\/ficino-LOGO-DARK-100-42x48.png 42w\" sizes=\"(max-width: 87px) 100vw, 87px\" \/><\/a>[\/et_pb_text][\/et_pb_column][\/et_pb_row][et_pb_row][et_pb_column type=&#8221;1_4&#8243;][et_pb_text admin_label=&#8221;Deluxe Heartbeat Fund&#8221; background_layout=&#8221;light&#8221; text_orientation=&#8221;left&#8221;]<\/p>\n<h1>Deluxe Heartbeat Fund<\/h1>\n<p>[\/et_pb_text][\/et_pb_column][et_pb_column type=&#8221;3_4&#8243;][et_pb_text admin_label=&#8221;Deluxe Heartbeat Fund&#8221; background_layout=&#8221;light&#8221; text_orientation=&#8221;left&#8221; use_border_color=&#8221;off&#8221; border_color=&#8221;#ffffff&#8221; border_style=&#8221;solid&#8221;]<\/p>\n<p>Deluxe Australia sovvenziona la produzione di progetti televisivi e cinematografici australiani. Sponsorizza e collabora con gruppi che promuovono l\u2019industria televisiva e cinematografica australiana sulla scena internazionale. Tra coloro che hanno ricevuto il sostegno di Deluxe Heartbeat Fund figurano l\u2019AACTA (Accademia Australiana delle Arti Cinematografiche e Televisive), Screen Producers Australia e l\u2019Australian Cinematographers Society (la Societ\u00e0 Australiana per la Cinematografia), accanto a festival di grande seguito come il Melbourne International Festival e i festival di St Kilda e del Cinema Indiano.\u00a0<a href=\"http:\/\/ddpstudios.com.au\/projects\/3000\" target=\"_blank\">http:\/\/ddpstudios.com.au\/projects\/3000<\/a><\/p>\n<p><img loading=\"lazy\" decoding=\"async\" class=\"alignnone wp-image-489 \" src=\"http:\/\/ficinofilms.com\/3000\/my_content\/uploads\/2015\/05\/heartbeat.jpg\" alt=\"heartbeat\" width=\"221\" height=\"81\" \/><\/p>\n<p>[\/et_pb_text][\/et_pb_column][\/et_pb_row][\/et_pb_section][et_pb_section fullwidth=&#8221;off&#8221; specialty=&#8221;off&#8221;][et_pb_row][et_pb_column type=&#8221;4_4&#8243;][et_pb_divider admin_label=&#8221;Divider&#8221; color=&#8221;#ffffff&#8221; show_divider=&#8221;off&#8221; height=&#8221;40px&#8221; \/][\/et_pb_column][\/et_pb_row][\/et_pb_section]<\/p>\n","protected":false},"excerpt":{"rendered":"<p><div class=\"et_pb_row et_pb_row_0 et_pb_row_empty\">\n\t\t\t\t\n\t\t\t\t\n\t\t\t\t\n\t\t\t\t\n\t\t\t\t\n\t\t\t<\/div><div id=\"new-royalslider-4\" class=\"royalSlider new-royalslider-4 rsUni rs-default-template\" style=\"width:100%;height:580px;;\">\n<div class=\"rsContent\">\n  <img decoding=\"async\" class=\"rsImg\" src=\"https:\/\/ficinofilms.com\/3000\/my_content\/uploads\/2015\/05\/3000-271-1024x576.jpg\" alt=\"3000 by Antonis Tsonis Ficino Films - about us\"\/>\n  \n  \n  \n<\/div>\n\n<\/div>\n<div class=\"et_pb_row et_pb_row_1 et_pb_row_empty\">\n\t\t\t\t\n\t\t\t\t\n\t\t\t\t\n\t\t\t\t\n\t\t\t\t\n\t\t\t<\/div><div class=\"et_pb_row et_pb_row_2 et_pb_row_empty\">\n\t\t\t\t\n\t\t\t\t\n\t\t\t\t\n\t\t\t\t\n\t\t\t\t\n\t\t\t<\/div> SINOSSI Quando Ari, il migliore amico di Leon, gli confida la tragica notizia che ha il cancro, Leon, disoccupato e disperato per la sorte del suo amico, decide di aiutarlo affiliandosi alla criminalit\u00e0 locale per potergli pagare altre cure mediche. Leon, 22 anni, \u00e8 infatti determinato a non permettere che le difficolt\u00e0 economiche [&hellip;]<\/p>\n","protected":false},"author":1,"featured_media":0,"parent":0,"menu_order":0,"comment_status":"open","ping_status":"open","template":"","meta":{"_et_pb_use_builder":"on","_et_pb_old_content":"","_et_gb_content_width":"","footnotes":""},"class_list":["post-1001","page","type-page","status-publish","hentry"],"yoast_head":"<!-- This site is optimized with the Yoast SEO plugin v25.5 - https:\/\/yoast.com\/wordpress\/plugins\/seo\/ -->\n<title>chi siamo - 3000 Antonis Tsonis<\/title>\n<meta name=\"description\" content=\"Film: 3000, Director: Antonis Tsonis, Produced: Ficino Films\" \/>\n<meta name=\"robots\" content=\"index, follow, max-snippet:-1, max-image-preview:large, max-video-preview:-1\" \/>\n<link rel=\"canonical\" href=\"http:\/\/ficinofilms.com\/3000\/about-us\/?lang=it\" \/>\n<meta property=\"og:locale\" content=\"it_IT\" \/>\n<meta property=\"og:type\" content=\"article\" \/>\n<meta property=\"og:title\" content=\"chi siamo - 3000 Antonis Tsonis\" \/>\n<meta property=\"og:description\" content=\"Film: 3000, Director: Antonis Tsonis, Produced: Ficino Films\" \/>\n<meta property=\"og:url\" content=\"http:\/\/ficinofilms.com\/3000\/about-us\/?lang=it\" \/>\n<meta property=\"og:site_name\" content=\"3000 Antonis Tsonis\" \/>\n<meta property=\"article:modified_time\" content=\"2015-06-19T13:40:46+00:00\" \/>\n<meta property=\"og:image\" content=\"http:\/\/ficinofilms.com\/3000\/my_content\/uploads\/2015\/06\/ficino-LOGO-DARK-100.png\" \/>\n<meta name=\"twitter:card\" content=\"summary_large_image\" \/>\n<meta name=\"twitter:label1\" content=\"Tempo di lettura stimato\" \/>\n\t<meta name=\"twitter:data1\" content=\"6 minuti\" \/>\n<script type=\"application\/ld+json\" class=\"yoast-schema-graph\">{\"@context\":\"https:\/\/schema.org\",\"@graph\":[{\"@type\":\"WebPage\",\"@id\":\"http:\/\/ficinofilms.com\/3000\/about-us\/?lang=it\",\"url\":\"http:\/\/ficinofilms.com\/3000\/about-us\/?lang=it\",\"name\":\"chi siamo - 3000 Antonis Tsonis\",\"isPartOf\":{\"@id\":\"https:\/\/ficinofilms.com\/3000\/?lang=es\/#website\"},\"primaryImageOfPage\":{\"@id\":\"http:\/\/ficinofilms.com\/3000\/about-us\/?lang=it#primaryimage\"},\"image\":{\"@id\":\"http:\/\/ficinofilms.com\/3000\/about-us\/?lang=it#primaryimage\"},\"thumbnailUrl\":\"http:\/\/ficinofilms.com\/3000\/my_content\/uploads\/2015\/06\/ficino-LOGO-DARK-100.png\",\"datePublished\":\"2015-05-24T07:31:20+00:00\",\"dateModified\":\"2015-06-19T13:40:46+00:00\",\"description\":\"Film: 3000, Director: Antonis Tsonis, Produced: Ficino Films\",\"breadcrumb\":{\"@id\":\"http:\/\/ficinofilms.com\/3000\/about-us\/?lang=it#breadcrumb\"},\"inLanguage\":\"it-IT\",\"potentialAction\":[{\"@type\":\"ReadAction\",\"target\":[\"http:\/\/ficinofilms.com\/3000\/about-us\/?lang=it\"]}]},{\"@type\":\"ImageObject\",\"inLanguage\":\"it-IT\",\"@id\":\"http:\/\/ficinofilms.com\/3000\/about-us\/?lang=it#primaryimage\",\"url\":\"http:\/\/ficinofilms.com\/3000\/my_content\/uploads\/2015\/06\/ficino-LOGO-DARK-100.png\",\"contentUrl\":\"http:\/\/ficinofilms.com\/3000\/my_content\/uploads\/2015\/06\/ficino-LOGO-DARK-100.png\",\"width\":87,\"height\":100,\"caption\":\"ficino films logo\"},{\"@type\":\"BreadcrumbList\",\"@id\":\"http:\/\/ficinofilms.com\/3000\/about-us\/?lang=it#breadcrumb\",\"itemListElement\":[{\"@type\":\"ListItem\",\"position\":1,\"name\":\"Home\",\"item\":\"http:\/\/ficinofilms.com\/3000\/?lang=it\"},{\"@type\":\"ListItem\",\"position\":2,\"name\":\"chi siamo\"}]},{\"@type\":\"WebSite\",\"@id\":\"https:\/\/ficinofilms.com\/3000\/?lang=es\/#website\",\"url\":\"https:\/\/ficinofilms.com\/3000\/?lang=es\/\",\"name\":\"3000 Antonis Tsonis\",\"description\":\"3000 Antonis Tsonis Ficino Films\",\"potentialAction\":[{\"@type\":\"SearchAction\",\"target\":{\"@type\":\"EntryPoint\",\"urlTemplate\":\"https:\/\/ficinofilms.com\/3000\/?lang=es\/?s={search_term_string}\"},\"query-input\":{\"@type\":\"PropertyValueSpecification\",\"valueRequired\":true,\"valueName\":\"search_term_string\"}}],\"inLanguage\":\"it-IT\"}]}<\/script>\n<!-- \/ Yoast SEO plugin. -->","yoast_head_json":{"title":"chi siamo - 3000 Antonis Tsonis","description":"Film: 3000, Director: Antonis Tsonis, Produced: Ficino Films","robots":{"index":"index","follow":"follow","max-snippet":"max-snippet:-1","max-image-preview":"max-image-preview:large","max-video-preview":"max-video-preview:-1"},"canonical":"http:\/\/ficinofilms.com\/3000\/about-us\/?lang=it","og_locale":"it_IT","og_type":"article","og_title":"chi siamo - 3000 Antonis Tsonis","og_description":"Film: 3000, Director: Antonis Tsonis, Produced: Ficino Films","og_url":"http:\/\/ficinofilms.com\/3000\/about-us\/?lang=it","og_site_name":"3000 Antonis Tsonis","article_modified_time":"2015-06-19T13:40:46+00:00","og_image":[{"url":"http:\/\/ficinofilms.com\/3000\/my_content\/uploads\/2015\/06\/ficino-LOGO-DARK-100.png","type":"","width":"","height":""}],"twitter_card":"summary_large_image","twitter_misc":{"Tempo di lettura stimato":"6 minuti"},"schema":{"@context":"https:\/\/schema.org","@graph":[{"@type":"WebPage","@id":"http:\/\/ficinofilms.com\/3000\/about-us\/?lang=it","url":"http:\/\/ficinofilms.com\/3000\/about-us\/?lang=it","name":"chi siamo - 3000 Antonis Tsonis","isPartOf":{"@id":"https:\/\/ficinofilms.com\/3000\/?lang=es\/#website"},"primaryImageOfPage":{"@id":"http:\/\/ficinofilms.com\/3000\/about-us\/?lang=it#primaryimage"},"image":{"@id":"http:\/\/ficinofilms.com\/3000\/about-us\/?lang=it#primaryimage"},"thumbnailUrl":"http:\/\/ficinofilms.com\/3000\/my_content\/uploads\/2015\/06\/ficino-LOGO-DARK-100.png","datePublished":"2015-05-24T07:31:20+00:00","dateModified":"2015-06-19T13:40:46+00:00","description":"Film: 3000, Director: Antonis Tsonis, Produced: Ficino Films","breadcrumb":{"@id":"http:\/\/ficinofilms.com\/3000\/about-us\/?lang=it#breadcrumb"},"inLanguage":"it-IT","potentialAction":[{"@type":"ReadAction","target":["http:\/\/ficinofilms.com\/3000\/about-us\/?lang=it"]}]},{"@type":"ImageObject","inLanguage":"it-IT","@id":"http:\/\/ficinofilms.com\/3000\/about-us\/?lang=it#primaryimage","url":"http:\/\/ficinofilms.com\/3000\/my_content\/uploads\/2015\/06\/ficino-LOGO-DARK-100.png","contentUrl":"http:\/\/ficinofilms.com\/3000\/my_content\/uploads\/2015\/06\/ficino-LOGO-DARK-100.png","width":87,"height":100,"caption":"ficino films logo"},{"@type":"BreadcrumbList","@id":"http:\/\/ficinofilms.com\/3000\/about-us\/?lang=it#breadcrumb","itemListElement":[{"@type":"ListItem","position":1,"name":"Home","item":"http:\/\/ficinofilms.com\/3000\/?lang=it"},{"@type":"ListItem","position":2,"name":"chi siamo"}]},{"@type":"WebSite","@id":"https:\/\/ficinofilms.com\/3000\/?lang=es\/#website","url":"https:\/\/ficinofilms.com\/3000\/?lang=es\/","name":"3000 Antonis Tsonis","description":"3000 Antonis Tsonis Ficino Films","potentialAction":[{"@type":"SearchAction","target":{"@type":"EntryPoint","urlTemplate":"https:\/\/ficinofilms.com\/3000\/?lang=es\/?s={search_term_string}"},"query-input":{"@type":"PropertyValueSpecification","valueRequired":true,"valueName":"search_term_string"}}],"inLanguage":"it-IT"}]}},"_links":{"self":[{"href":"http:\/\/ficinofilms.com\/3000\/wp-json\/wp\/v2\/pages\/1001\/?lang=it"}],"collection":[{"href":"http:\/\/ficinofilms.com\/3000\/wp-json\/wp\/v2\/pages\/?lang=it"}],"about":[{"href":"http:\/\/ficinofilms.com\/3000\/wp-json\/wp\/v2\/types\/page\/?lang=it"}],"author":[{"embeddable":true,"href":"http:\/\/ficinofilms.com\/3000\/wp-json\/wp\/v2\/users\/1\/?lang=it"}],"replies":[{"embeddable":true,"href":"http:\/\/ficinofilms.com\/3000\/wp-json\/wp\/v2\/comments\/?lang=it&post=1001"}],"version-history":[{"count":9,"href":"http:\/\/ficinofilms.com\/3000\/wp-json\/wp\/v2\/pages\/1001\/revisions\/?lang=it"}],"predecessor-version":[{"id":1206,"href":"http:\/\/ficinofilms.com\/3000\/wp-json\/wp\/v2\/pages\/1001\/revisions\/1206\/?lang=it"}],"wp:attachment":[{"href":"http:\/\/ficinofilms.com\/3000\/wp-json\/wp\/v2\/media\/?lang=it&parent=1001"}],"curies":[{"name":"wp","href":"https:\/\/api.w.org\/{rel}","templated":true}]}}